{"id":5324,"date":"2023-10-29T21:55:42","date_gmt":"2023-10-29T19:55:42","guid":{"rendered":"https:\/\/www.crystal-decanter.com\/?post_type=product&#038;p=5324"},"modified":"2023-10-30T11:18:48","modified_gmt":"2023-10-30T09:18:48","slug":"crystal-decanter-la-glace-2","status":"publish","type":"product","link":"https:\/\/crystal-decanter.com\/lt\/produktas\/crystal-decanter-la-glace-2\/","title":{"rendered":"Kri\u0161tolinis grafinas \u00abLa Glace\u00bb"},"content":{"rendered":"<p>Gamintojas: Crystal Heritage<br \/>\nTipas: grafinas stipriesiems g\u0117rimams<br \/>\nMed\u017eiaga: nat\u016bralus kri\u0161tolas<br \/>\nT\u016bris: 1 000 ml.<br \/>\nKiekis rinkinyje: 1 grafinas, 2 stiklin\u0117s<br \/>\nNegalima plauti indaplov\u0117je<\/p>\n","protected":false},"excerpt":{"rendered":"<p>Gamintojas: Crystal Heritage Tipas: grafinas stipriesiems g\u0117rimams Med\u017eiaga: nat\u016bralus kri\u0161tolas T\u016bris: 1 000 ml. Kiekis rinkinyje: 1 grafinas, 2 stiklin\u0117s Negalima plauti indaplov\u0117je<\/p>\n","protected":false},"featured_media":5328,"template":"","meta":{"_acf_changed":false,"inline_featured_image":false},"product_cat":[43],"product_tag":[],"class_list":["post-5324","product","type-product","status-publish","has-post-thumbnail","hentry","product_cat-decanter-lt"],"acf":[],"_links":{"self":[{"href":"https:\/\/crystal-decanter.com\/lt\/wp-json\/wp\/v2\/product\/5324","targetHints":{"allow":["GET"]}}],"collection":[{"href":"https:\/\/crystal-decanter.com\/lt\/wp-json\/wp\/v2\/product"}],"about":[{"href":"https:\/\/crystal-decanter.com\/lt\/wp-json\/wp\/v2\/types\/product"}],"wp:featuredmedia":[{"embeddable":true,"href":"https:\/\/crystal-decanter.com\/lt\/wp-json\/wp\/v2\/media\/5328"}],"wp:attachment":[{"href":"https:\/\/crystal-decanter.com\/lt\/wp-json\/wp\/v2\/media?parent=5324"}],"wp:term":[{"taxonomy":"product_cat","embeddable":true,"href":"https:\/\/crystal-decanter.com\/lt\/wp-json\/wp\/v2\/product_cat?post=5324"},{"taxonomy":"product_tag","embeddable":true,"href":"https:\/\/crystal-decanter.com\/lt\/wp-json\/wp\/v2\/product_tag?post=5324"}],"curies":[{"name":"wp","href":"https:\/\/api.w.org\/{rel}","templated":true}]}}