{"id":5313,"date":"2023-06-10T20:54:08","date_gmt":"2023-06-10T18:54:08","guid":{"rendered":"https:\/\/www.crystal-decanter.com\/product\/kristolinis-grafinas-frozen\/"},"modified":"2023-10-29T22:00:35","modified_gmt":"2023-10-29T20:00:35","slug":"kristolinis-grafinas-frozen","status":"publish","type":"product","link":"https:\/\/crystal-decanter.com\/lt\/produktas\/kristolinis-grafinas-frozen\/","title":{"rendered":"Kri\u0161tolinis grafinas \u00abFrozen\u00bb"},"content":{"rendered":"<p>Gamintojas: Crystal Heritage<br \/>\nTipas: grafinas stipriesiems g\u0117rimams<br \/>\nMed\u017eiaga: nat\u016bralus kri\u0161tolas<br \/>\nT\u016bris: 1 000 ml.<br \/>\nKiekis rinkinyje: 1 grafinas, 2 stiklin\u0117s<br \/>\nNegalima plauti indaplov\u0117je<\/p>\n","protected":false},"excerpt":{"rendered":"<p>Gamintojas: Crystal Heritage Tipas: grafinas stipriesiems g\u0117rimams Med\u017eiaga: nat\u016bralus kri\u0161tolas T\u016bris: 1 000 ml. Kiekis rinkinyje: 1 grafinas, 2 stiklin\u0117s Negalima plauti indaplov\u0117je<\/p>\n","protected":false},"featured_media":4268,"template":"","meta":{"_acf_changed":false,"inline_featured_image":false},"product_cat":[43],"product_tag":[],"class_list":["post-5313","product","type-product","status-publish","has-post-thumbnail","hentry","product_cat-decanter-lt"],"acf":[],"_links":{"self":[{"href":"https:\/\/crystal-decanter.com\/lt\/wp-json\/wp\/v2\/product\/5313","targetHints":{"allow":["GET"]}}],"collection":[{"href":"https:\/\/crystal-decanter.com\/lt\/wp-json\/wp\/v2\/product"}],"about":[{"href":"https:\/\/crystal-decanter.com\/lt\/wp-json\/wp\/v2\/types\/product"}],"wp:featuredmedia":[{"embeddable":true,"href":"https:\/\/crystal-decanter.com\/lt\/wp-json\/wp\/v2\/media\/4268"}],"wp:attachment":[{"href":"https:\/\/crystal-decanter.com\/lt\/wp-json\/wp\/v2\/media?parent=5313"}],"wp:term":[{"taxonomy":"product_cat","embeddable":true,"href":"https:\/\/crystal-decanter.com\/lt\/wp-json\/wp\/v2\/product_cat?post=5313"},{"taxonomy":"product_tag","embeddable":true,"href":"https:\/\/crystal-decanter.com\/lt\/wp-json\/wp\/v2\/product_tag?post=5313"}],"curies":[{"name":"wp","href":"https:\/\/api.w.org\/{rel}","templated":true}]}}