{"id":5003,"date":"2023-09-18T00:47:41","date_gmt":"2023-09-17T22:47:41","guid":{"rendered":"https:\/\/www.crystal-decanter.com\/?post_type=product&#038;p=5003"},"modified":"2023-10-28T17:18:08","modified_gmt":"2023-10-28T15:18:08","slug":"rose-radiance","status":"publish","type":"product","link":"https:\/\/crystal-decanter.com\/lt\/produktas\/rose-radiance\/","title":{"rendered":"Kri\u0161tolin\u0117 ro\u017e\u0117 Radiance"},"content":{"rendered":"<p>Diameter: 12cm<br \/>\nWeight: 450 gr.<br \/>\nCrystal (24% Pb).<br \/>\nStandard: NF EN 12875-1<br \/>\nAuthor&#8217;s handmade work.<br \/>\nGift box (option).<\/p>\n","protected":false},"excerpt":{"rendered":"<p>Diameter: 12cm Weight: 450 gr. Crystal (24% Pb). Standard: NF EN 12875-1 Author&#8217;s handmade work. Gift box (option).<\/p>\n","protected":false},"featured_media":5086,"template":"","meta":{"_acf_changed":false,"inline_featured_image":false},"product_cat":[140],"product_tag":[],"class_list":["post-5003","product","type-product","status-publish","has-post-thumbnail","hentry","product_cat-decoration-lt"],"acf":[],"_links":{"self":[{"href":"https:\/\/crystal-decanter.com\/lt\/wp-json\/wp\/v2\/product\/5003","targetHints":{"allow":["GET"]}}],"collection":[{"href":"https:\/\/crystal-decanter.com\/lt\/wp-json\/wp\/v2\/product"}],"about":[{"href":"https:\/\/crystal-decanter.com\/lt\/wp-json\/wp\/v2\/types\/product"}],"wp:featuredmedia":[{"embeddable":true,"href":"https:\/\/crystal-decanter.com\/lt\/wp-json\/wp\/v2\/media\/5086"}],"wp:attachment":[{"href":"https:\/\/crystal-decanter.com\/lt\/wp-json\/wp\/v2\/media?parent=5003"}],"wp:term":[{"taxonomy":"product_cat","embeddable":true,"href":"https:\/\/crystal-decanter.com\/lt\/wp-json\/wp\/v2\/product_cat?post=5003"},{"taxonomy":"product_tag","embeddable":true,"href":"https:\/\/crystal-decanter.com\/lt\/wp-json\/wp\/v2\/product_tag?post=5003"}],"curies":[{"name":"wp","href":"https:\/\/api.w.org\/{rel}","templated":true}]}}