{"id":2885,"date":"2023-01-13T19:02:02","date_gmt":"2023-01-13T17:02:02","guid":{"rendered":"https:\/\/www.crystal-decanter.com\/?post_type=product&#038;p=2885"},"modified":"2023-01-13T19:06:11","modified_gmt":"2023-01-13T17:06:11","slug":"kristolines-taures-droplet-essence-450","status":"publish","type":"product","link":"https:\/\/crystal-decanter.com\/lt\/produktas\/kristolines-taures-droplet-essence-450\/","title":{"rendered":"Kri\u0161tolin\u0117s taur\u0117s &#8222;Droplet Essence&#8221; (450ml)"},"content":{"rendered":"<p>Gamintojas: Crystal Heritage<br \/>\nMed\u017eiaga: Kri\u0161tolas<br \/>\nVyno taur\u0117s<br \/>\nT\u016bris: 450 ml.<br \/>\nKiekis: 2 vnt.<br \/>\nPlovimas indaplov\u0117je: ne<\/p>\n","protected":false},"excerpt":{"rendered":"<p>Gamintojas: Crystal Heritage Med\u017eiaga: Kri\u0161tolas Vyno taur\u0117s T\u016bris: 450 ml. Kiekis: 2 vnt. Plovimas indaplov\u0117je: ne<\/p>\n","protected":false},"featured_media":2889,"template":"","meta":{"_acf_changed":false,"inline_featured_image":false},"product_cat":[54],"product_tag":[],"class_list":["post-2885","product","type-product","status-publish","has-post-thumbnail","hentry","product_cat-glasses-lt"],"acf":[],"_links":{"self":[{"href":"https:\/\/crystal-decanter.com\/lt\/wp-json\/wp\/v2\/product\/2885","targetHints":{"allow":["GET"]}}],"collection":[{"href":"https:\/\/crystal-decanter.com\/lt\/wp-json\/wp\/v2\/product"}],"about":[{"href":"https:\/\/crystal-decanter.com\/lt\/wp-json\/wp\/v2\/types\/product"}],"wp:featuredmedia":[{"embeddable":true,"href":"https:\/\/crystal-decanter.com\/lt\/wp-json\/wp\/v2\/media\/2889"}],"wp:attachment":[{"href":"https:\/\/crystal-decanter.com\/lt\/wp-json\/wp\/v2\/media?parent=2885"}],"wp:term":[{"taxonomy":"product_cat","embeddable":true,"href":"https:\/\/crystal-decanter.com\/lt\/wp-json\/wp\/v2\/product_cat?post=2885"},{"taxonomy":"product_tag","embeddable":true,"href":"https:\/\/crystal-decanter.com\/lt\/wp-json\/wp\/v2\/product_tag?post=2885"}],"curies":[{"name":"wp","href":"https:\/\/api.w.org\/{rel}","templated":true}]}}