{"id":1839,"date":"2022-09-21T19:24:49","date_gmt":"2022-09-21T17:24:49","guid":{"rendered":"https:\/\/www.crystal-decanter.com\/?post_type=product&#038;p=1839"},"modified":"2022-09-21T20:05:35","modified_gmt":"2022-09-21T18:05:35","slug":"bucket-for-bottle-and-ice","status":"publish","type":"product","link":"https:\/\/crystal-decanter.com\/lt\/produktas\/bucket-for-bottle-and-ice\/","title":{"rendered":"Kibir\u0117lis buteliui ir ledui"},"content":{"rendered":"<p>Gamintojas: Crystal H\u00e9ritage<br \/>\nTipas: Kibir\u0117lis buteliui ir ledui<br \/>\nMed\u017eiaga: kri\u0161tolas<br \/>\nT\u016bris: 1,9 L.<br \/>\nKiekis: 1 vnt.<br \/>\nPlovimas indaplov\u0117je: ne<\/p>\n","protected":false},"excerpt":{"rendered":"<p>Gamintojas: Crystal H\u00e9ritage Tipas: Kibir\u0117lis buteliui ir ledui Med\u017eiaga: kri\u0161tolas T\u016bris: 1,9 L. Kiekis: 1 vnt. Plovimas indaplov\u0117je: ne<\/p>\n","protected":false},"featured_media":1845,"template":"","meta":{"_acf_changed":false,"inline_featured_image":false},"product_cat":[54],"product_tag":[],"class_list":["post-1839","product","type-product","status-publish","has-post-thumbnail","hentry","product_cat-glasses-lt"],"acf":[],"_links":{"self":[{"href":"https:\/\/crystal-decanter.com\/lt\/wp-json\/wp\/v2\/product\/1839","targetHints":{"allow":["GET"]}}],"collection":[{"href":"https:\/\/crystal-decanter.com\/lt\/wp-json\/wp\/v2\/product"}],"about":[{"href":"https:\/\/crystal-decanter.com\/lt\/wp-json\/wp\/v2\/types\/product"}],"wp:featuredmedia":[{"embeddable":true,"href":"https:\/\/crystal-decanter.com\/lt\/wp-json\/wp\/v2\/media\/1845"}],"wp:attachment":[{"href":"https:\/\/crystal-decanter.com\/lt\/wp-json\/wp\/v2\/media?parent=1839"}],"wp:term":[{"taxonomy":"product_cat","embeddable":true,"href":"https:\/\/crystal-decanter.com\/lt\/wp-json\/wp\/v2\/product_cat?post=1839"},{"taxonomy":"product_tag","embeddable":true,"href":"https:\/\/crystal-decanter.com\/lt\/wp-json\/wp\/v2\/product_tag?post=1839"}],"curies":[{"name":"wp","href":"https:\/\/api.w.org\/{rel}","templated":true}]}}