{"id":1778,"date":"2022-07-06T15:05:07","date_gmt":"2022-07-06T13:05:07","guid":{"rendered":"https:\/\/www.crystal-decanter.com\/product\/crystal-ice-bucket\/"},"modified":"2022-09-21T16:31:29","modified_gmt":"2022-09-21T14:31:29","slug":"crystal-ice-bucket","status":"publish","type":"product","link":"https:\/\/crystal-decanter.com\/lt\/produktas\/crystal-ice-bucket\/","title":{"rendered":"Kri\u0161tolinis kibir\u0117lis ledui"},"content":{"rendered":"<p>Gamintojas: Crystal H\u00e9ritage<br \/>\nTipas: kibir\u0117lis ledui<br \/>\nMed\u017eiaga: kri\u0161tolas<br \/>\nT\u016bris: 1,9 L.<br \/>\nKiekis: 1 vnt.<br \/>\nPlovimas indaplov\u0117je: ne<\/p>\n","protected":false},"excerpt":{"rendered":"<p>Gamintojas: Crystal H\u00e9ritage Tipas: kibir\u0117lis ledui Med\u017eiaga: kri\u0161tolas T\u016bris: 1,9 L. Kiekis: 1 vnt. Plovimas indaplov\u0117je: ne<\/p>\n","protected":false},"featured_media":1775,"template":"","meta":{"_acf_changed":false,"inline_featured_image":false},"product_cat":[54],"product_tag":[],"class_list":["post-1778","product","type-product","status-publish","has-post-thumbnail","hentry","product_cat-glasses-lt"],"acf":[],"_links":{"self":[{"href":"https:\/\/crystal-decanter.com\/lt\/wp-json\/wp\/v2\/product\/1778","targetHints":{"allow":["GET"]}}],"collection":[{"href":"https:\/\/crystal-decanter.com\/lt\/wp-json\/wp\/v2\/product"}],"about":[{"href":"https:\/\/crystal-decanter.com\/lt\/wp-json\/wp\/v2\/types\/product"}],"wp:featuredmedia":[{"embeddable":true,"href":"https:\/\/crystal-decanter.com\/lt\/wp-json\/wp\/v2\/media\/1775"}],"wp:attachment":[{"href":"https:\/\/crystal-decanter.com\/lt\/wp-json\/wp\/v2\/media?parent=1778"}],"wp:term":[{"taxonomy":"product_cat","embeddable":true,"href":"https:\/\/crystal-decanter.com\/lt\/wp-json\/wp\/v2\/product_cat?post=1778"},{"taxonomy":"product_tag","embeddable":true,"href":"https:\/\/crystal-decanter.com\/lt\/wp-json\/wp\/v2\/product_tag?post=1778"}],"curies":[{"name":"wp","href":"https:\/\/api.w.org\/{rel}","templated":true}]}}