{"id":1476,"date":"2021-11-23T21:07:06","date_gmt":"2021-11-23T19:07:06","guid":{"rendered":"https:\/\/www.crystal-decanter.com\/?post_type=product&#038;p=1476"},"modified":"2022-09-21T16:34:08","modified_gmt":"2022-09-21T14:34:08","slug":"crystal-glasses-ibis","status":"publish","type":"product","link":"https:\/\/crystal-decanter.com\/lt\/produktas\/crystal-glasses-ibis\/","title":{"rendered":"Kri\u0161tolin\u0117s taur\u0117s &#8222;Ibis&#8221;"},"content":{"rendered":"<p>Gamintojas: Crystal Heritage<br \/>\nMed\u017eiaga: Kri\u0161tolas<br \/>\n\u0160ampano taur\u0117s<br \/>\nT\u016bris: 150 ml.<br \/>\nKiekis: 2 vnt.<br \/>\nPlovimas indaplov\u0117je: ne<\/p>\n","protected":false},"excerpt":{"rendered":"<p>Gamintojas: Crystal Heritage Med\u017eiaga: Kri\u0161tolas \u0160ampano taur\u0117s T\u016bris: 150 ml. Kiekis: 2 vnt. Plovimas indaplov\u0117je: ne<\/p>\n","protected":false},"featured_media":1441,"template":"","meta":{"_acf_changed":false,"inline_featured_image":false},"product_cat":[54],"product_tag":[],"class_list":["post-1476","product","type-product","status-publish","has-post-thumbnail","hentry","product_cat-glasses-lt"],"acf":[],"_links":{"self":[{"href":"https:\/\/crystal-decanter.com\/lt\/wp-json\/wp\/v2\/product\/1476","targetHints":{"allow":["GET"]}}],"collection":[{"href":"https:\/\/crystal-decanter.com\/lt\/wp-json\/wp\/v2\/product"}],"about":[{"href":"https:\/\/crystal-decanter.com\/lt\/wp-json\/wp\/v2\/types\/product"}],"wp:featuredmedia":[{"embeddable":true,"href":"https:\/\/crystal-decanter.com\/lt\/wp-json\/wp\/v2\/media\/1441"}],"wp:attachment":[{"href":"https:\/\/crystal-decanter.com\/lt\/wp-json\/wp\/v2\/media?parent=1476"}],"wp:term":[{"taxonomy":"product_cat","embeddable":true,"href":"https:\/\/crystal-decanter.com\/lt\/wp-json\/wp\/v2\/product_cat?post=1476"},{"taxonomy":"product_tag","embeddable":true,"href":"https:\/\/crystal-decanter.com\/lt\/wp-json\/wp\/v2\/product_tag?post=1476"}],"curies":[{"name":"wp","href":"https:\/\/api.w.org\/{rel}","templated":true}]}}