{"id":1210,"date":"2021-06-23T14:04:52","date_gmt":"2021-06-23T12:04:52","guid":{"rendered":"https:\/\/www.crystal-decanter.com\/?post_type=product&#038;p=1210"},"modified":"2021-06-24T20:39:14","modified_gmt":"2021-06-24T18:39:14","slug":"crystal-decanter-gift-box","status":"publish","type":"product","link":"https:\/\/crystal-decanter.com\/lt\/produktas\/crystal-decanter-gift-box\/","title":{"rendered":"Dovan\u0173 d\u0117\u017eut\u0117"},"content":{"rendered":"","protected":false},"excerpt":{"rendered":"","protected":false},"featured_media":545,"template":"","meta":{"_acf_changed":false,"inline_featured_image":false},"product_cat":[42],"product_tag":[],"class_list":["post-1210","product","type-product","status-publish","has-post-thumbnail","hentry","product_cat-service-lt"],"acf":[],"_links":{"self":[{"href":"https:\/\/crystal-decanter.com\/lt\/wp-json\/wp\/v2\/product\/1210","targetHints":{"allow":["GET"]}}],"collection":[{"href":"https:\/\/crystal-decanter.com\/lt\/wp-json\/wp\/v2\/product"}],"about":[{"href":"https:\/\/crystal-decanter.com\/lt\/wp-json\/wp\/v2\/types\/product"}],"wp:featuredmedia":[{"embeddable":true,"href":"https:\/\/crystal-decanter.com\/lt\/wp-json\/wp\/v2\/media\/545"}],"wp:attachment":[{"href":"https:\/\/crystal-decanter.com\/lt\/wp-json\/wp\/v2\/media?parent=1210"}],"wp:term":[{"taxonomy":"product_cat","embeddable":true,"href":"https:\/\/crystal-decanter.com\/lt\/wp-json\/wp\/v2\/product_cat?post=1210"},{"taxonomy":"product_tag","embeddable":true,"href":"https:\/\/crystal-decanter.com\/lt\/wp-json\/wp\/v2\/product_tag?post=1210"}],"curies":[{"name":"wp","href":"https:\/\/api.w.org\/{rel}","templated":true}]}}