{"id":1120,"date":"2021-06-07T20:27:01","date_gmt":"2021-06-07T18:27:01","guid":{"rendered":"https:\/\/www.crystal-decanter.com\/product\/crystal-glasses-essense-6set\/"},"modified":"2022-09-21T16:44:55","modified_gmt":"2022-09-21T14:44:55","slug":"crystal-glasses-essense-6set","status":"publish","type":"product","link":"https:\/\/crystal-decanter.com\/lt\/produktas\/crystal-glasses-essense-6set\/","title":{"rendered":"Kri\u0161tolini\u0173 tauri\u0173 &#8222;Droplet Essence&#8221; rinkinys dovan\u0173 d\u0117\u017eut\u0117je, 6 vnt"},"content":{"rendered":"<p>Gamintojas: Crystal Heritage<br \/>\nMed\u017eiaga: Kri\u0161tolas<br \/>\nVyno tauri\u0173 rinkinys<br \/>\nT\u016bris: 250 ml.<br \/>\nKiekis: 6 vnt.<br \/>\nPlovimas indaplov\u0117je: ne<\/p>\n","protected":false},"excerpt":{"rendered":"<p>Gamintojas: Crystal Heritage Med\u017eiaga: Kri\u0161tolas Vyno tauri\u0173 rinkinys T\u016bris: 250 ml. Kiekis: 6 vnt. Plovimas indaplov\u0117je: ne<\/p>\n","protected":false},"featured_media":1028,"template":"","meta":{"_acf_changed":false,"inline_featured_image":false},"product_cat":[54],"product_tag":[],"class_list":["post-1120","product","type-product","status-publish","has-post-thumbnail","hentry","product_cat-glasses-lt"],"acf":[],"_links":{"self":[{"href":"https:\/\/crystal-decanter.com\/lt\/wp-json\/wp\/v2\/product\/1120","targetHints":{"allow":["GET"]}}],"collection":[{"href":"https:\/\/crystal-decanter.com\/lt\/wp-json\/wp\/v2\/product"}],"about":[{"href":"https:\/\/crystal-decanter.com\/lt\/wp-json\/wp\/v2\/types\/product"}],"wp:featuredmedia":[{"embeddable":true,"href":"https:\/\/crystal-decanter.com\/lt\/wp-json\/wp\/v2\/media\/1028"}],"wp:attachment":[{"href":"https:\/\/crystal-decanter.com\/lt\/wp-json\/wp\/v2\/media?parent=1120"}],"wp:term":[{"taxonomy":"product_cat","embeddable":true,"href":"https:\/\/crystal-decanter.com\/lt\/wp-json\/wp\/v2\/product_cat?post=1120"},{"taxonomy":"product_tag","embeddable":true,"href":"https:\/\/crystal-decanter.com\/lt\/wp-json\/wp\/v2\/product_tag?post=1120"}],"curies":[{"name":"wp","href":"https:\/\/api.w.org\/{rel}","templated":true}]}}