{"id":1114,"date":"2021-06-07T19:42:55","date_gmt":"2021-06-07T17:42:55","guid":{"rendered":"https:\/\/www.crystal-decanter.com\/product\/crystal-glasses-essence\/"},"modified":"2022-09-21T16:36:35","modified_gmt":"2022-09-21T14:36:35","slug":"crystal-glasses-essence","status":"publish","type":"product","link":"https:\/\/crystal-decanter.com\/lt\/produktas\/crystal-glasses-essence\/","title":{"rendered":"Kri\u0161tolin\u0117s taur\u0117s &#8222;Droplet Essence&#8221;"},"content":{"rendered":"<p>Gamintojas: Crystal Heritage<br \/>\nMed\u017eiaga: Kri\u0161tolas<br \/>\nVyno taur\u0117s<br \/>\nT\u016bris: 250 ml.<br \/>\nKiekis: 2 vnt.<br \/>\nPlovimas indaplov\u0117je: ne<\/p>\n","protected":false},"excerpt":{"rendered":"<p>Gamintojas: Crystal Heritage Med\u017eiaga: Kri\u0161tolas Vyno taur\u0117s T\u016bris: 250 ml. Kiekis: 2 vnt. Plovimas indaplov\u0117je: ne<\/p>\n","protected":false},"featured_media":1450,"template":"","meta":{"_acf_changed":false,"inline_featured_image":false},"product_cat":[54],"product_tag":[],"class_list":["post-1114","product","type-product","status-publish","has-post-thumbnail","hentry","product_cat-glasses-lt"],"acf":[],"_links":{"self":[{"href":"https:\/\/crystal-decanter.com\/lt\/wp-json\/wp\/v2\/product\/1114","targetHints":{"allow":["GET"]}}],"collection":[{"href":"https:\/\/crystal-decanter.com\/lt\/wp-json\/wp\/v2\/product"}],"about":[{"href":"https:\/\/crystal-decanter.com\/lt\/wp-json\/wp\/v2\/types\/product"}],"wp:featuredmedia":[{"embeddable":true,"href":"https:\/\/crystal-decanter.com\/lt\/wp-json\/wp\/v2\/media\/1450"}],"wp:attachment":[{"href":"https:\/\/crystal-decanter.com\/lt\/wp-json\/wp\/v2\/media?parent=1114"}],"wp:term":[{"taxonomy":"product_cat","embeddable":true,"href":"https:\/\/crystal-decanter.com\/lt\/wp-json\/wp\/v2\/product_cat?post=1114"},{"taxonomy":"product_tag","embeddable":true,"href":"https:\/\/crystal-decanter.com\/lt\/wp-json\/wp\/v2\/product_tag?post=1114"}],"curies":[{"name":"wp","href":"https:\/\/api.w.org\/{rel}","templated":true}]}}