{"id":1088,"date":"2021-06-10T14:17:23","date_gmt":"2021-06-10T12:17:23","guid":{"rendered":"https:\/\/www.crystal-decanter.com\/product\/table-lamp-02\/"},"modified":"2021-06-10T14:17:23","modified_gmt":"2021-06-10T12:17:23","slug":"table-lamp-02","status":"publish","type":"product","link":"https:\/\/crystal-decanter.com\/lt\/produktas\/table-lamp-02\/","title":{"rendered":"Crystal Magic"},"content":{"rendered":"<p> \u0160is ne\u012fprastas ry\u0161kumo, trapumo ir grynumo derinys atskleis j\u016bs\u0173 interjer\u0105 visi\u0161kai ne\u012fprastais atspalviais. Tai taps interjero dekoracija \u017emon\u0117ms, kuri\u0173 tikslas yra suteikti kambariui rafinuotumo ir lengvumo jausm\u0105. \u0160viestuvo auk\u0161tis yra 70 cm.<\/p>\n","protected":false},"excerpt":{"rendered":"<p>\u0160is ne\u012fprastas ry\u0161kumo, trapumo ir grynumo derinys atskleis j\u016bs\u0173 interjer\u0105 visi\u0161kai ne\u012fprastais atspalviais. Tai taps interjero dekoracija \u017emon\u0117ms, kuri\u0173 tikslas yra suteikti kambariui rafinuotumo ir lengvumo jausm\u0105. \u0160viestuvo auk\u0161tis yra 70 cm.<\/p>\n","protected":false},"featured_media":1044,"template":"","meta":{"_acf_changed":false,"inline_featured_image":false},"product_cat":[52],"product_tag":[],"class_list":["post-1088","product","type-product","status-publish","has-post-thumbnail","hentry","product_cat-stalinis-sviestuvas"],"acf":[],"_links":{"self":[{"href":"https:\/\/crystal-decanter.com\/lt\/wp-json\/wp\/v2\/product\/1088","targetHints":{"allow":["GET"]}}],"collection":[{"href":"https:\/\/crystal-decanter.com\/lt\/wp-json\/wp\/v2\/product"}],"about":[{"href":"https:\/\/crystal-decanter.com\/lt\/wp-json\/wp\/v2\/types\/product"}],"wp:featuredmedia":[{"embeddable":true,"href":"https:\/\/crystal-decanter.com\/lt\/wp-json\/wp\/v2\/media\/1044"}],"wp:attachment":[{"href":"https:\/\/crystal-decanter.com\/lt\/wp-json\/wp\/v2\/media?parent=1088"}],"wp:term":[{"taxonomy":"product_cat","embeddable":true,"href":"https:\/\/crystal-decanter.com\/lt\/wp-json\/wp\/v2\/product_cat?post=1088"},{"taxonomy":"product_tag","embeddable":true,"href":"https:\/\/crystal-decanter.com\/lt\/wp-json\/wp\/v2\/product_tag?post=1088"}],"curies":[{"name":"wp","href":"https:\/\/api.w.org\/{rel}","templated":true}]}}