{"id":1081,"date":"2021-06-10T14:15:51","date_gmt":"2021-06-10T12:15:51","guid":{"rendered":"https:\/\/www.crystal-decanter.com\/product\/table-lamp-01\/"},"modified":"2021-06-16T20:51:53","modified_gmt":"2021-06-16T18:51:53","slug":"table-lamp-01","status":"publish","type":"product","link":"https:\/\/crystal-decanter.com\/lt\/produktas\/table-lamp-01\/","title":{"rendered":"Crystal Inspiration"},"content":{"rendered":"<p>Stalinis \u0161viestuvas. Stilingas kri\u0161tolinis \u0160viestuvas puikiai papildo modern\u0173 ir klasikin\u012f bet kurio kambario interjer\u0105. Originalus pjaustyto kri\u0161tolo dekoras kartu su poliruotu \u017ealvariu traukia ak\u012f. Kri\u0161tolinis \u0161viestuvas su nat\u016bralaus \u0161ilko aba\u017e\u016bru \u0161velniai i\u0161sklaido \u0161vies\u0105, sukurdama i\u0161skirtinumo ir komforto atmosfer\u0105 interjere. \u0160viestuvo auk\u0161tis 74 cm.<\/p>\n","protected":false},"excerpt":{"rendered":"<p>Stalinis \u0161viestuvas. Stilingas kri\u0161tolinis \u0160viestuvas puikiai papildo modern\u0173 ir klasikin\u012f bet kurio kambario interjer\u0105. Originalus pjaustyto kri\u0161tolo dekoras kartu su poliruotu \u017ealvariu traukia ak\u012f. Kri\u0161tolinis \u0161viestuvas su nat\u016bralaus \u0161ilko aba\u017e\u016bru \u0161velniai i\u0161sklaido \u0161vies\u0105, sukurdama i\u0161skirtinumo ir komforto atmosfer\u0105 interjere. \u0160viestuvo auk\u0161tis 74 cm.<\/p>\n","protected":false},"featured_media":1047,"template":"","meta":{"_acf_changed":false,"inline_featured_image":false},"product_cat":[52],"product_tag":[],"class_list":["post-1081","product","type-product","status-publish","has-post-thumbnail","hentry","product_cat-stalinis-sviestuvas"],"acf":[],"_links":{"self":[{"href":"https:\/\/crystal-decanter.com\/lt\/wp-json\/wp\/v2\/product\/1081","targetHints":{"allow":["GET"]}}],"collection":[{"href":"https:\/\/crystal-decanter.com\/lt\/wp-json\/wp\/v2\/product"}],"about":[{"href":"https:\/\/crystal-decanter.com\/lt\/wp-json\/wp\/v2\/types\/product"}],"wp:featuredmedia":[{"embeddable":true,"href":"https:\/\/crystal-decanter.com\/lt\/wp-json\/wp\/v2\/media\/1047"}],"wp:attachment":[{"href":"https:\/\/crystal-decanter.com\/lt\/wp-json\/wp\/v2\/media?parent=1081"}],"wp:term":[{"taxonomy":"product_cat","embeddable":true,"href":"https:\/\/crystal-decanter.com\/lt\/wp-json\/wp\/v2\/product_cat?post=1081"},{"taxonomy":"product_tag","embeddable":true,"href":"https:\/\/crystal-decanter.com\/lt\/wp-json\/wp\/v2\/product_tag?post=1081"}],"curies":[{"name":"wp","href":"https:\/\/api.w.org\/{rel}","templated":true}]}}