{"id":1078,"date":"2021-06-10T14:18:55","date_gmt":"2021-06-10T12:18:55","guid":{"rendered":"https:\/\/www.crystal-decanter.com\/product\/table-lamp-03\/"},"modified":"2021-06-16T20:44:41","modified_gmt":"2021-06-16T18:44:41","slug":"table-lamp-03","status":"publish","type":"product","link":"https:\/\/crystal-decanter.com\/lt\/produktas\/table-lamp-03\/","title":{"rendered":"Crystal Radiance"},"content":{"rendered":"<p>Stalinis \u0161viestuvas. Florencijos motyvai niekada nei\u0161eis i\u0161 mados ir tiks bet kokiam interjerui. \u0160is kri\u0161tolinis \u0161viestuvas daugeliui bus puiki proga atskleisti savo asmenyb\u0119.<\/p>\n<p>\u0161iestuvo auk\u0161tis 75 cm.<\/p>\n","protected":false},"excerpt":{"rendered":"<p>Stalinis \u0161viestuvas. Florencijos motyvai niekada nei\u0161eis i\u0161 mados ir tiks bet kokiam interjerui. \u0160is kri\u0161tolinis \u0161viestuvas daugeliui bus puiki proga atskleisti savo asmenyb\u0119. \u0161iestuvo auk\u0161tis 75 cm.<\/p>\n","protected":false},"featured_media":1041,"template":"","meta":{"_acf_changed":false,"inline_featured_image":false},"product_cat":[52],"product_tag":[],"class_list":["post-1078","product","type-product","status-publish","has-post-thumbnail","hentry","product_cat-stalinis-sviestuvas"],"acf":[],"_links":{"self":[{"href":"https:\/\/crystal-decanter.com\/lt\/wp-json\/wp\/v2\/product\/1078","targetHints":{"allow":["GET"]}}],"collection":[{"href":"https:\/\/crystal-decanter.com\/lt\/wp-json\/wp\/v2\/product"}],"about":[{"href":"https:\/\/crystal-decanter.com\/lt\/wp-json\/wp\/v2\/types\/product"}],"wp:featuredmedia":[{"embeddable":true,"href":"https:\/\/crystal-decanter.com\/lt\/wp-json\/wp\/v2\/media\/1041"}],"wp:attachment":[{"href":"https:\/\/crystal-decanter.com\/lt\/wp-json\/wp\/v2\/media?parent=1078"}],"wp:term":[{"taxonomy":"product_cat","embeddable":true,"href":"https:\/\/crystal-decanter.com\/lt\/wp-json\/wp\/v2\/product_cat?post=1078"},{"taxonomy":"product_tag","embeddable":true,"href":"https:\/\/crystal-decanter.com\/lt\/wp-json\/wp\/v2\/product_tag?post=1078"}],"curies":[{"name":"wp","href":"https:\/\/api.w.org\/{rel}","templated":true}]}}