{"id":1076,"date":"2021-06-10T14:19:53","date_gmt":"2021-06-10T12:19:53","guid":{"rendered":"https:\/\/www.crystal-decanter.com\/product\/table-lamp-04\/"},"modified":"2021-06-16T21:15:14","modified_gmt":"2021-06-16T19:15:14","slug":"table-lamp-04","status":"publish","type":"product","link":"https:\/\/crystal-decanter.com\/lt\/produktas\/table-lamp-04\/","title":{"rendered":"Crystal Elation"},"content":{"rendered":"<p>Stalinis \u0161viestuvas. Neabejotinas bet kurio stalo ar miegamojo dekoracija. Tikras i\u0161skirtinumo ir rafinuotumo \u012fsik\u016bnijimas,  rank\u0173 darbas nat\u016bralaus kri\u0161tolo \u0161viestuvas. Negin\u010dijamas privalumas, toks meno k\u016brinys gali tapti unikaliu \u0161viesos \u0161altiniu bet kurioje patalpoje ir  geriausia bet kokio interjero puo\u0161mena. \u0160vestuvo auk\u0161tis 76 cm.<\/p>\n","protected":false},"excerpt":{"rendered":"<p>Stalinis \u0161viestuvas. Neabejotinas bet kurio stalo ar miegamojo dekoracija. Tikras i\u0161skirtinumo ir rafinuotumo \u012fsik\u016bnijimas, rank\u0173 darbas nat\u016bralaus kri\u0161tolo \u0161viestuvas. Negin\u010dijamas privalumas, toks meno k\u016brinys gali tapti unikaliu \u0161viesos \u0161altiniu bet kurioje patalpoje ir geriausia bet kokio interjero puo\u0161mena. \u0160vestuvo auk\u0161tis 76 cm.<\/p>\n","protected":false},"featured_media":1038,"template":"","meta":{"_acf_changed":false,"inline_featured_image":false},"product_cat":[52],"product_tag":[],"class_list":["post-1076","product","type-product","status-publish","has-post-thumbnail","hentry","product_cat-stalinis-sviestuvas"],"acf":[],"_links":{"self":[{"href":"https:\/\/crystal-decanter.com\/lt\/wp-json\/wp\/v2\/product\/1076","targetHints":{"allow":["GET"]}}],"collection":[{"href":"https:\/\/crystal-decanter.com\/lt\/wp-json\/wp\/v2\/product"}],"about":[{"href":"https:\/\/crystal-decanter.com\/lt\/wp-json\/wp\/v2\/types\/product"}],"wp:featuredmedia":[{"embeddable":true,"href":"https:\/\/crystal-decanter.com\/lt\/wp-json\/wp\/v2\/media\/1038"}],"wp:attachment":[{"href":"https:\/\/crystal-decanter.com\/lt\/wp-json\/wp\/v2\/media?parent=1076"}],"wp:term":[{"taxonomy":"product_cat","embeddable":true,"href":"https:\/\/crystal-decanter.com\/lt\/wp-json\/wp\/v2\/product_cat?post=1076"},{"taxonomy":"product_tag","embeddable":true,"href":"https:\/\/crystal-decanter.com\/lt\/wp-json\/wp\/v2\/product_tag?post=1076"}],"curies":[{"name":"wp","href":"https:\/\/api.w.org\/{rel}","templated":true}]}}