{"id":1072,"date":"2021-06-10T14:20:58","date_gmt":"2021-06-10T12:20:58","guid":{"rendered":"https:\/\/www.crystal-decanter.com\/product\/table-lamp-05\/"},"modified":"2021-06-16T20:34:21","modified_gmt":"2021-06-16T18:34:21","slug":"table-lamp-05","status":"publish","type":"product","link":"https:\/\/crystal-decanter.com\/lt\/produktas\/table-lamp-05\/","title":{"rendered":"Crystal Fascination"},"content":{"rendered":"<p>Klasikinis \u0161viestuvas su nat\u016braliu kri\u0161tolu ir poliruotu \u017ealvariniu korpusu. Nat\u016bralaus \u0161ilko aba\u017e\u016bras  sukuria prabangi\u0105 ir rafinuot\u0105 atmosfer\u0105 kambaryje, u\u017epildydama j\u0105 mink\u0161ta ir jaukia \u0161viesa. Klasikinis formos ir spalv\u0173 derinys puikiai atrodys tiek ofise, tiek miegamajame. \u0160viestuvas idealiai derinamas su veidrod\u017eiais ir ry\u0161kiais dekoro elementais.\u0160viestuvo auk\u0161tis 70 cm.<\/p>\n","protected":false},"excerpt":{"rendered":"<p>Klasikinis \u0161viestuvas su nat\u016braliu kri\u0161tolu ir poliruotu \u017ealvariniu korpusu. Nat\u016bralaus \u0161ilko aba\u017e\u016bras sukuria prabangi\u0105 ir rafinuot\u0105 atmosfer\u0105 kambaryje, u\u017epildydama j\u0105 mink\u0161ta ir jaukia \u0161viesa. Klasikinis formos ir spalv\u0173 derinys puikiai atrodys tiek ofise, tiek miegamajame. \u0160viestuvas idealiai derinamas su veidrod\u017eiais ir ry\u0161kiais dekoro elementais.\u0160viestuvo auk\u0161tis 70 cm.<\/p>\n","protected":false},"featured_media":1035,"template":"","meta":{"_acf_changed":false,"inline_featured_image":false},"product_cat":[52],"product_tag":[],"class_list":["post-1072","product","type-product","status-publish","has-post-thumbnail","hentry","product_cat-stalinis-sviestuvas"],"acf":[],"_links":{"self":[{"href":"https:\/\/crystal-decanter.com\/lt\/wp-json\/wp\/v2\/product\/1072","targetHints":{"allow":["GET"]}}],"collection":[{"href":"https:\/\/crystal-decanter.com\/lt\/wp-json\/wp\/v2\/product"}],"about":[{"href":"https:\/\/crystal-decanter.com\/lt\/wp-json\/wp\/v2\/types\/product"}],"wp:featuredmedia":[{"embeddable":true,"href":"https:\/\/crystal-decanter.com\/lt\/wp-json\/wp\/v2\/media\/1035"}],"wp:attachment":[{"href":"https:\/\/crystal-decanter.com\/lt\/wp-json\/wp\/v2\/media?parent=1072"}],"wp:term":[{"taxonomy":"product_cat","embeddable":true,"href":"https:\/\/crystal-decanter.com\/lt\/wp-json\/wp\/v2\/product_cat?post=1072"},{"taxonomy":"product_tag","embeddable":true,"href":"https:\/\/crystal-decanter.com\/lt\/wp-json\/wp\/v2\/product_tag?post=1072"}],"curies":[{"name":"wp","href":"https:\/\/api.w.org\/{rel}","templated":true}]}}