{"id":534,"date":"2021-03-12T11:45:13","date_gmt":"2021-03-12T09:45:13","guid":{"rendered":"https:\/\/www.crystal-decanter.com\/garantija-keitimas-ir-grazinimas\/"},"modified":"2023-03-27T17:17:29","modified_gmt":"2023-03-27T15:17:29","slug":"garantija-keitimas-ir-grazinimas","status":"publish","type":"page","link":"https:\/\/crystal-decanter.com\/lt\/garantija-keitimas-ir-grazinimas\/","title":{"rendered":"Garantija, keitimas ir gr\u0105\u017einimas"},"content":{"rendered":"<section class=\"l-section wpb_row height_medium\"><div class=\"l-section-h i-cf\"><div class=\"g-cols vc_row type_default valign_top\"><div class=\"vc_col-sm-12 wpb_column vc_column_container\"><div class=\"vc_column-inner\"><div class=\"wpb_wrapper\"><div class=\"wpb_text_column\" ><div class=\"wpb_wrapper\"><h3>Garantija<\/h3>\n<p>M\u016bs\u0173 12 m\u0117nesi\u0173 garantija apima gaminio ir med\u017eiag\u0173 defektus.<\/p>\n<\/div><\/div><div class=\"w-separator size_medium\"><\/div><div class=\"wpb_text_column\" ><div class=\"wpb_wrapper\"><h3>Prek\u0117s keitimas arba pinig\u0173 gr\u0105\u017einimas<\/h3>\n<p>Per 14 dien\u0173 nuo u\u017esakymo gavimo j\u016bs galite pakeisti prek\u0119 arba gr\u0105\u017einsime pinigus.<\/p>\n<h4>Kaip pakeisti ar gr\u0105\u017einti prek\u0119 (-es)?<\/h4>\n<ol>\n<li>Visus daiktus supakuokite \u012f nauj\u0105 ir nenaudot\u0105 originali\u0105 pakuot\u0119. Atsi\u0173skite mums el. Lai\u0161k\u0105, trumpai nurodydami savo keitimo ar gr\u0105\u017einimo prie\u017eastis. Atsakydami \u012f j\u016bs\u0173 lai\u0161k\u0105, mes atsi\u0173sime jums adres\u0105, kuriuo turite i\u0161si\u0173sti siuntin\u012f.<\/li>\n<li>Si\u0173skite prek\u0119 \u012f m\u016bs\u0173 nurodyt\u0105 adres\u0105 ir atsi\u0173skite siuntimo sekimo numer\u012f.<\/li>\n<li>Laikykite pa\u0161to kvit\u0105, kol gausite gr\u0105\u017einimo patvirtinim\u0105. Kai tik gausime j\u016bs\u0173 siunt\u0105, i\u0161si\u0173sime patvirtinimo lai\u0161k\u0105. Jei pasirinkote pinig\u0173 gr\u0105\u017einim\u0105, mes juos i\u0161si\u0173sime, gausite juos per 30 dien\u0173 po siuntos gavimo.<\/li>\n<\/ol>\n<p>Mes neatsakome u\u017e j\u016bs\u0173 paketo praradim\u0105 ar sugadinim\u0105.<\/p>\n<p>Laikydamiesi m\u016bs\u0173 bendr\u0173j\u0173 s\u0105lyg\u0173, mes negr\u0105\u017einame siuntimo i\u0161laid\u0173 ir mes pasiliekame teis\u0119 i\u0161 gr\u0105\u017einamosios i\u0161mokos i\u0161skai\u010diuoti dal\u012f siuntimo i\u0161laid\u0173, jei j\u016bs\u0173 u\u017esakymas buvo nemokamas.<\/p>\n<\/div><\/div><\/div><\/div><\/div><\/div><\/div><\/section>\n","protected":false},"excerpt":{"rendered":"Garantija M\u016bs\u0173 12 m\u0117nesi\u0173 garantija apima gaminio ir med\u017eiag\u0173 defektus. Prek\u0117s keitimas arba pinig\u0173 gr\u0105\u017einimas Per 14 dien\u0173 nuo u\u017esakymo gavimo j\u016bs galite pakeisti prek\u0119 arba gr\u0105\u017einsime pinigus. Kaip pakeisti ar gr\u0105\u017einti prek\u0119 (-es)? Visus daiktus supakuokite \u012f nauj\u0105 ir nenaudot\u0105 originali\u0105 pakuot\u0119. Atsi\u0173skite mums el. Lai\u0161k\u0105, trumpai nurodydami savo keitimo ar gr\u0105\u017einimo prie\u017eastis. Atsakydami...","protected":false},"author":4,"featured_media":0,"parent":0,"menu_order":60,"comment_status":"closed","ping_status":"closed","template":"","meta":{"_acf_changed":false,"inline_featured_image":false,"footnotes":""},"class_list":["post-534","page","type-page","status-publish","hentry"],"acf":[],"_links":{"self":[{"href":"https:\/\/crystal-decanter.com\/lt\/wp-json\/wp\/v2\/pages\/534","targetHints":{"allow":["GET"]}}],"collection":[{"href":"https:\/\/crystal-decanter.com\/lt\/wp-json\/wp\/v2\/pages"}],"about":[{"href":"https:\/\/crystal-decanter.com\/lt\/wp-json\/wp\/v2\/types\/page"}],"author":[{"embeddable":true,"href":"https:\/\/crystal-decanter.com\/lt\/wp-json\/wp\/v2\/users\/4"}],"replies":[{"embeddable":true,"href":"https:\/\/crystal-decanter.com\/lt\/wp-json\/wp\/v2\/comments?post=534"}],"version-history":[{"count":9,"href":"https:\/\/crystal-decanter.com\/lt\/wp-json\/wp\/v2\/pages\/534\/revisions"}],"predecessor-version":[{"id":3016,"href":"https:\/\/crystal-decanter.com\/lt\/wp-json\/wp\/v2\/pages\/534\/revisions\/3016"}],"wp:attachment":[{"href":"https:\/\/crystal-decanter.com\/lt\/wp-json\/wp\/v2\/media?parent=534"}],"curies":[{"name":"wp","href":"https:\/\/api.w.org\/{rel}","templated":true}]}}