{"id":223,"date":"2021-03-12T11:46:37","date_gmt":"2021-03-12T09:46:37","guid":{"rendered":"https:\/\/www.crystal-decanter.com\/terms-and-conditions\/"},"modified":"2021-06-14T21:04:31","modified_gmt":"2021-06-14T19:04:31","slug":"terms-and-conditions","status":"publish","type":"page","link":"https:\/\/crystal-decanter.com\/lt\/terms-and-conditions\/","title":{"rendered":"Terminai ir s\u0105lygos"},"content":{"rendered":"<section class=\"l-section wpb_row height_medium\"><div class=\"l-section-h i-cf\"><div class=\"g-cols vc_row type_default valign_top\"><div class=\"vc_col-sm-12 wpb_column vc_column_container\"><div class=\"vc_column-inner\"><div class=\"wpb_wrapper\"><div class=\"wpb_text_column\" ><div class=\"wpb_wrapper\"><p>Svetain\u0117s \u201ewww.crystal-decanter.com\/lt\/\u201c (toliau &#8211; Svetain\u0117) administravimas negali perduoti ar atskleisti informacijos, kuri\u0105 pateikia vartotojas (toliau &#8211; Vartotojas) registruodamasis ir naudodamasis svetain\u0117s funkcijomis tre\u010diosioms \u0161alims, i\u0161skyrus tuos atvejus, kuriuos apra\u0161o \u0161alies, kurioje veikia vartotojas, teis\u0117s aktus. Asmenin\u0117s informacijos gavimas Bendravimui svetain\u0117je vartotojas gali savo pra\u0161ymu \u012fvesti tam tikr\u0105 asmenin\u0119 informacij\u0105, pavyzd\u017eiui, telefono numer\u012f, u\u017esisakydamas \u201eskambut\u012f\u201c arba u\u017epildydamas \u201eatsiliepim\u0173 form\u0105\u201c puslapyje \u201ekontaktai\u201c, nurodyti savo vardas, telefono numeris ir el. pa\u0161tas.<\/p>\n<p>\u0160ios S\u0105lygos taikomos naudojant \u0161i\u0105 svetain\u0119 ir patek\u0119 \u012f \u0161i\u0105 svetain\u0119 ir (arba) pateikdami produkt\u0173 u\u017esakym\u0105 sutinkate laikytis toliau nurodyt\u0173 s\u0105lyg\u0173. Jei nesutinkate laikytis \u0161i\u0173 s\u0105lyg\u0173, nesinaudokite m\u016bs\u0173 svetaine. Prie\u0161 pateikdami u\u017esakym\u0105 pas mus, jei turite klausim\u0173, susijusi\u0173 su \u0161iomis s\u0105lygomis, susisiekite el. Pa\u0161tu su m\u016bs\u0173 klient\u0173 aptarnavimo atstovais arba paskambinkite mums. M\u016bs\u0173 linijos dirba pirmadieniais \u2013 penktadieniais nuo 9:00 iki 18:00 UTC +3. Atkreipkite d\u0117mes\u012f, kad visi skambu\u010diai m\u016bs\u0173 klient\u0173 aptarnavimo atstovams bus apmokestinti pagal vietin\u012f tarif\u0105. Gaunami ir siun\u010diami skambu\u010diai gali b\u016bti registruojami kokyb\u0117s steb\u0117jimo ir mokymo tikslais. Tur\u0117tum\u0117te atspausdinti \u0161i\u0173 S\u0105lyg\u0173 kopij\u0105, kad gal\u0117tum\u0117te su\u017einoti jas ateityje.<\/p>\n<\/div><\/div><div class=\"wpb_text_column\" ><div class=\"wpb_wrapper\"><h3>Apibr\u0117\u017eimai<\/h3>\n<p>Asmenin\u0117 informacija \u00bb &#8211; i\u0161sami\u0105 informacij\u0105, kuri\u0105 pateik\u0117te registruodamiesi;<\/p>\n<p>\u00abProduktas\u00bb &#8211; produktas, parduodamas svetain\u0117je;<\/p>\n<p>\u201eMes \/ mes\u201c &#8211; www.crystal-decanter.com\/lt\/ (UAB \u201eCrystalis\u201c);<\/p>\n<p>\u00abSvetain\u0117\u00bb &#8211; svetain\u0117, esanti www.crystal-decanter.com\/lt\/;<\/p>\n<p>\u00abJ\u016bs\u00bb &#8211; \u0161ios svetain\u0117s vartotojas.<\/p>\n<\/div><\/div><div class=\"wpb_text_column\" ><div class=\"wpb_wrapper\"><h3>Svetain\u0117s naudojimasis<\/h3>\n<p>Prieiga Jums suteikiama prieiga prie \u0161ios svetain\u0117s pagal \u0161ias S\u0105lygas, o visi j\u016bs\u0173 pateikti u\u017esakymai turi b\u016bti atliekami grie\u017etai laikantis \u0161i\u0173 S\u0105lyg\u0173.<\/p>\n<h3>Registracija<\/h3>\n<p>Registruodamiesi kaip m\u016bs\u0173 svetain\u0117s vartotojas, j\u016bs garantuojate, kad:<\/p>\n<p>(a) Asmenin\u0117 informacija, kuri\u0105 pateikiate registruodamasi kaip vartotojas, yra teisinga, tiksli, aktuali ir visais at\u017evilgiais i\u0161sami; ir<\/p>\n<p>(b) j\u016bs nedelsdami prane\u0161ite mums apie bet kokius asmenin\u0117s informacijos pasikeitimus, susisiekdami su klient\u0173 aptarnavimo atstovais el. pa\u0161tu arba paskambin\u0119 mums; arba patys pakeiskite Asmenin\u0119 informacij\u0105, prisijung\u0119 prie savo paskyros ir atlikdami pakeitimus. J\u016bs sutinkate neapsimetin\u0117ti jokiu kitu asmeniu ar subjektu ir nenaudoti melagingo vardo ar vardo, kurio naudoti nesate \u012fgaliotas.<\/p>\n<h3>M\u016bs\u0173 teis\u0117s<\/h3>\n<p>Mes pasiliekame teis\u0119:<\/p>\n<p>(a) laikinai ar visam laikui ar visam laikui ar visam laikui modifikuoti ar at\u0161aukti \u0161i\u0105 svetain\u0119 (ar bet kuri\u0105 jos dal\u012f) prane\u0161ant jums arba neprane\u0161us apie tai ir j\u016bs patvirtinate, kad mes neatsakome jums ar jokiai tre\u010diajai \u0161aliai u\u017e bet kok\u012f svetain\u0117s pakeitim\u0105 ar pa\u0161alinim\u0105; ir (arba)<\/p>\n<p>(b) laikas nuo laiko keisti \u0161ias S\u0105lygas pagal punkt\u0105 \u201eM\u016bs\u0173 teis\u0117 keisti \u0161ias s\u0105lygas\u201c. Jei nesutinkate su tokiomis pataisytomis s\u0105lygomis, turite nustoti naudotis svetaine. Jei ir toliau naudosit\u0117s svetaine, bus laikoma, kad sutikote su pakeistomis s\u0105lygomis.<\/p>\n<\/div><\/div><div class=\"wpb_text_column\" ><div class=\"wpb_wrapper\"><h3>GAMINI\u0172 PIRKIMAS<\/h3>\n<p>U\u017esakymas<\/p>\n<p>Pateikdami u\u017esakym\u0105 per m\u016bs\u0173 svetain\u0119, j\u016bs garantuojate, kad esate teisi\u0161kai paj\u0117g\u016bs sudaryti privalomas sutartis ir esate ne jaunesni kaip 18 met\u0173. Pateikdami u\u017esakym\u0105 b\u016bsite \u012ftraukti \u012f m\u016bs\u0173 reklamini\u0173 el. Pa\u0161to adres\u0173 s\u0105ra\u0161\u0105 tik tuo atveju, jei sutiksite tai padaryti. Bet kuriuo metu galite atsisakyti reklamin\u0117s el. Pa\u0161to veiklos spustel\u0117dami nuorod\u0105 \u00abatsisakyti prenumeratos\u00bb, esan\u010di\u0105 bet kurio rinkodaros el. Lai\u0161ko apa\u010dioje. Liksite atsisak\u0119 reklamin\u0117s el. Pa\u0161to veiklos, kol v\u0117l u\u017esiprenumeruosite. Kaip sudaroma sutartis tarp j\u016bs\u0173 ir www.crystal-decanter.com\/lt\/<\/p>\n<p>J\u016bs\u0173 sutartis d\u0117l Produkto (-\u0173) pirkimo (\u201eSutartis\u201c) bus sudaryta su UAB \u201eCrystalis\u201c. Pateik\u0119 u\u017esakym\u0105 gausite el. Lai\u0161k\u0105, patvirtinant\u012f, kad j\u016bs\u0173 u\u017esakymas gautas. Atkreipkite d\u0117mes\u012f, kad tai nerei\u0161kia, kad j\u016bs\u0173 u\u017esakymas buvo priimtas. J\u016bs\u0173 u\u017esakymas yra pasi\u016blymas pirkti Produkt\u0105. Visus u\u017esakymus turi priimti www.crystal-decanter.com\/lt\/, kuris patvirtins jums tok\u012f pri\u0117mim\u0105, atsi\u0173sdamas jums el. Lai\u0161k\u0105, patvirtinant\u012f, kad Produktas i\u0161si\u0173stas (\u201eSiuntimo patvirtinimas\u201c). Sutartis bus suformuota tik tada, kai jums bus i\u0161si\u0173stas i\u0161siuntimo patvirtinimas. Sutartis bus susijusi tik su tais produktais, kuri\u0173 i\u0161siuntimas patvirtintas i\u0161siuntimo patvirtinime. www..com nebus \u012fpareigota tiekti kitus produktus, kurie gal\u0117jo b\u016bti j\u016bs\u0173 u\u017esakymo dalis, kol toki\u0173 produkt\u0173 i\u0161siuntimas nebus patvirtintas atskiru i\u0161siuntimo patvirtinimu.<\/p>\n<p>U\u017esakymo nepri\u0117mimas gali b\u016bti vienas i\u0161 \u0161i\u0173 veiksm\u0173:<\/p>\n<p>&#8211; Produkto, kur\u012f u\u017esisak\u0117te, n\u0117ra sand\u0117lyje.<\/p>\n<p>&#8211; Mes negavome j\u016bs\u0173 apmok\u0117jimo.<\/p>\n<p>&#8211; Kainos nustatymas arba produkto apra\u0161ymo klaida.<\/p>\n<p>&#8211; J\u016bs neatitinkate tinkamumo u\u017esisakyti kriterij\u0173, nustatyt\u0173 \u0161iose s\u0105lygose. Jei jums reikia informacijos apie u\u017esakymus, kuriuos pateik\u0117te pas mus, pra\u0161ome skambinti mums arba para\u0161yti mums el. pa\u0161tu.<\/p>\n<\/div><\/div><div class=\"wpb_text_column\" ><div class=\"wpb_wrapper\"><h3>SUTARTIES AT\u0160AUKIMAS<\/h3>\n<p>Jei sudarote sutart\u012f kaip vartotojas, galite nutraukti sutart\u012f bet kuriuo metu per 1 m\u0117nes\u012f nuo produkt\u0173 i\u0161siuntimo dienos. Tokiu atveju gausite vis\u0105 u\u017e Produktus sumok\u0117tos kainos gr\u0105\u017einim\u0105 pagal m\u016bs\u0173 gr\u0105\u017einimo politik\u0105. Nor\u0117dami nutraukti sutart\u012f, turite apie tai prane\u0161ti ra\u0161tu. Taip pat turite nedelsdami gr\u0105\u017einti Produkt\u0105 (-us) mums savo s\u0105skaita ir rizika. Pra\u0161au tinkamai pasir\u016bpinti Produktais, kol jie yra j\u016bs\u0173 \u017einioje. \u0160i nuostata neturi \u012ftakos j\u016bs\u0173 \u012fstatymin\u0117ms teis\u0117ms.<\/p>\n<\/div><\/div><div class=\"wpb_text_column\" ><div class=\"wpb_wrapper\"><h4>PRODUKT\u0172 APRA\u0160YMAS<\/h4>\n<p>Mes imsim\u0117s vis\u0173 prieinam\u0173 priemoni\u0173 siekdami u\u017etikrinti, kad visa informacija, apra\u0161ymai ir Produkt\u0173, pateikt\u0173 svetain\u0117je, kainos b\u016bt\u0173 teisingi tuo metu, kai atitinkama informacija buvo \u012fvesta \u012f sistem\u0105. Nors mes siekiame, kad svetain\u0117s informacija, rodoma \u0161ioje svetain\u0117je tam tikru laiku, b\u016bt\u0173 kuo da\u017eniau atnaujinta,\u00a0 ne visada gali tiksliai atspind\u0117ti pozicij\u0105 tuo metu, kai pateikiate u\u017esakym\u0105. Produkto kaina bus nurodyta i\u0161siuntimo patvirtinime. Stengiam\u0117s u\u017etikrinti, kad Produkt\u0173 apra\u0161ymas ir specifikacijos b\u016bt\u0173 teisingos. Prek\u0117s spalvos gali \u0161iek tiek skirtis nuo faktini\u0173 produkt\u0173.<\/p>\n<\/div><\/div><div class=\"wpb_text_column\" ><div class=\"wpb_wrapper\"><h3>KAINA IR MOK\u0116JIMAS<\/h3>\n<p>Produkt\u0173 kaina bus tokia, kokia nurodyta m\u016bs\u0173 svetain\u0117je, i\u0161skyrus klaid\u0173 atvejus. \u012e \u0161ias kainas ne\u012ftraukti importo muitai, mokes\u010diai ir pristatymo i\u0161laidos, kurie bus prid\u0117ti prie visos mok\u0117tinos sumos.<\/p>\n<\/div><\/div><div class=\"wpb_text_column\" ><div class=\"wpb_wrapper\"><h3>PREKI\u0172 GR\u0104\u017dINIMAS<\/h3>\n<p>Produktus, \u012fsigytus per \u201e\u201c svetain\u0119, galima gr\u0105\u017einti per\u00a0 1 m\u0117nes\u012f nuo i\u0161siuntimo dienos. Kai gr\u0105\u017einate mums Produkt\u0105, kur\u012f \u012fsigijote per \u201e\u201c svetain\u0119: (a) kadangi j\u016bs at\u0161auk\u0117te m\u016bs\u0173 tarpusavio sutart\u012f per pirmiau nurodyt\u0105 1 m\u0117nesio laikotarp\u012f ir pateik\u0117te pirkimo \u012frodym\u0105 (kvit\u0105, patvirtinimo el. lai\u0161k\u0105 ar u\u017esakymo numer\u012f), mes gr\u0105\u017einsime jums sum\u0105 per 30 dien\u0173 nuo dienos, kai prane\u0161\u0117te apie at\u0161aukim\u0105. Tokiu atveju mes gr\u0105\u017einsime vis\u0105 Produkto kain\u0105, \u012fskaitant prek\u0117s siuntimo jums kain\u0105 (tik standartinio pristatymo mokes\u010diai). Ta\u010diau j\u016bs b\u016bsite atsakingas u\u017e prek\u0117s gr\u0105\u017einimo mums i\u0161laidas.<\/p>\n<p>(b) d\u0117l bet kokios kitos prie\u017easties (pavyzd\u017eiui, teigiate jog Produktas yra brokuotas). Paprastai gr\u0105\u017eintin\u0105 sum\u0105 mes gr\u0105\u017einsime per 30 dien\u0173 nuo gr\u0105\u017einamos prek\u0117s gavimo. Suma u\u017e produktus su tr\u016bkumais bus jums kompensuoti, \u012fskaitant \u012fprast\u0173 pristatymo mokes\u010di\u0173 u\u017e prek\u0117s i\u0161siuntim\u0105 gr\u0105\u017einim\u0105 ir i\u0161laidas, patirtas gr\u0105\u017einant prek\u0119 mums. Mes paprastai gr\u0105\u017einame bet kokius i\u0161 j\u016bs\u0173 gautus pinigus tuo pa\u010diu metodu, kur\u012f i\u0161 prad\u017ei\u0173 naudojote sumok\u0117dami u\u017e pirkin\u012f. Jei jums reikia papildomos informacijos, per\u017ei\u016br\u0117kite m\u016bs\u0173 gr\u0105\u017einimo puslap\u012f.<\/p>\n<\/div><\/div><div class=\"wpb_text_column\" ><div class=\"wpb_wrapper\"><h3>TRE\u010cI\u0172J\u0172 \u0160ALI\u0172 NUORODOS<\/h3>\n<p>Nuorodos \u012f tre\u010di\u0173j\u0173 \u0161ali\u0173 svetaines svetain\u0117je pateikiamos tik j\u016bs\u0173 patogumui.. Mes neper\u017ei\u016br\u0117jame \u0161i\u0173 tre\u010di\u0173j\u0173 \u0161ali\u0173 svetaini\u0173, nekontroliuojame ir neatsakome u\u017e \u0161ias svetaines, j\u0173 turin\u012f ar prieinamum\u0105. Tod\u0117l mes nepatvirtiname ir nepateikiame joki\u0173 pastab\u0173 apie juos, jokios rastos med\u017eiagos ar joki\u0173 rezultat\u0173, kuriuos galima gauti naudojant juos.<\/p>\n<\/div><\/div><div class=\"wpb_text_column\" ><div class=\"wpb_wrapper\"><h3>PRIVATUMAS<\/h3>\n<p>Mes apdorojame informacij\u0105 apie jus pagal m\u016bs\u0173 privatumo politik\u0105. Naudodamiesi m\u016bs\u0173 svetaine sutinkate su tokiu duomen\u0173 tvarkymu ir garantuojate, kad visi j\u016bs\u0173 pateikti duomenys yra tiksl\u016bs. Jei paskambinsite vienam i\u0161 m\u016bs\u0173 klient\u0173 aptarnavimo atstov\u0173, mes galime \u012fra\u0161yti t\u0105 skambut\u012f mokymo tikslais.<\/p>\n<\/div><\/div><div class=\"wpb_text_column\" ><div class=\"wpb_wrapper\"><h3>M\u016aS\u0172 ATSAKOMYB\u0116<\/h3>\n<p>Mes garantuojame, kad bet kuris produktas, \u012fsigytas i\u0161 m\u016bs\u0173 per m\u016bs\u0173 svetain\u0119, yra patenkinamos kokyb\u0117s ir pagr\u012fstai tinkamas visiems tikslams, kuriems paprastai tiekiami tokie produktai. Mes neprisiimame atsakomyb\u0117s u\u017e nesilaikym\u0105 konkre\u010di\u0173 prie\u017ei\u016bros instrukcij\u0173, nurodyt\u0173 Produkte ar Produkto pakuot\u0117je. M\u016bs\u0173 atsakomyb\u0117 u\u017e nuostolius, kuriuos patiriate d\u0117l to, kad pa\u017eeid\u0117me \u0161i\u0105 sutart\u012f, grie\u017etai apsiriboja j\u016bs\u0173 \u012fsigyto gaminio pirkimo kaina. Tai jokiu b\u016bdu neapima ir neapriboja m\u016bs\u0173 atsakomyb\u0117s:<\/p>\n<ol>\n<li>a) d\u0117l mirties ar asmens su\u017ealojimo, kur\u012f suk\u0117l\u0117 m\u016bs\u0173 aplaidumas;<\/li>\n<li>b) pagal 1987 m. Vartotoj\u0173 apsaugos \u012fstatymo 2 straipsnio 3 dal\u012f;<\/li>\n<li>c) u\u017e suk\u010diavim\u0105 ar apgauling\u0105 neteising\u0105 pateikim\u0105; arba<\/li>\n<li>d) bet kokiais klausimais, d\u0117l kuri\u0173 b\u016bt\u0173 neteis\u0117ta pa\u0161alinti ar bandyti pa\u0161alinti savo atsakomyb\u0119. Mes neatsakome u\u017e netiesioginius nuostolius, atsirandan\u010dius d\u0117l pagrindinio nuostolio ar \u017ealos \u0161alutinio poveikio, \u012fskaitant, bet neapsiribojant:<\/li>\n<li>a) pajam\u0173 ar pajam\u0173 praradimas;<\/li>\n<li>b) verslo praradimas;<\/li>\n<li>c) prarastas pelnas arba sutartys;<\/li>\n<li>d) numatom\u0173 santaup\u0173 praradimas;<\/li>\n<li>e) duomen\u0173 praradimas; arba<\/li>\n<li>f) tvarkymo ar tarnybos laiko \u0161vaistymas, kad ir koks b\u016bt\u0173 d\u0117l delikto (\u012fskaitant aplaidum\u0105), sutarties pa\u017eeidimo ar kitaip.<\/li>\n<\/ol>\n<p>Mes imsim\u0117s vis\u0173 pagr\u012fst\u0173 pastang\u0173, kad tai padarytume mes, kad j\u016bs\u0173 u\u017esakymo ir mok\u0117jimo duomenys b\u016bt\u0173 saug\u016bs, ta\u010diau, nesant m\u016bs\u0173 kaltei mes negalime b\u016bti atsakingi u\u017e bet kokius nuostolius, kuriuos galite padaryti, jei tre\u010dioji \u0161alis \u012fsigyja neteis\u0117t\u0105 prieig\u0105 prie bet koki\u0173 duomen\u0173, kuriuos pateikiate, kai naudojat\u0117s ar u\u017esisakote i\u0161 svetain\u0117.<\/p>\n<\/div><\/div><div class=\"wpb_text_column\" ><div class=\"wpb_wrapper\"><h3>FORCE MAJEURE<\/h3>\n<p>Mes neatsakome u\u017e bet koki\u0173 \u012fsipareigojim\u0173 pagal Sutart\u012f nevykdym\u0105 ar u\u017edelsim\u0105 vykdyti \u012fvykius, kuriuos lemia \u012fvykiai, kuri\u0173 mes negalime tinkamai kontroliuoti (\u201eForce Majeure\u201c \u012fvykis). Force majeure \u012fvykis apima bet kok\u012f veiksm\u0105, \u012fvyk\u012f, ne\u012fvykim\u0105, neveikim\u0105 ar nelaiming\u0105 atsitikim\u0105, kurio mes negalime pagr\u012fstai kontroliuoti, kas (be apribojim\u0173) apima:<\/p>\n<ol>\n<li>a) streikai, lokautai ar kiti veiksmai;<\/li>\n<li>b) pilietinis s\u0105my\u0161is, riau\u0161\u0117s, invazija, teroristinis i\u0161puolis ar teroristinio i\u0161puolio gr\u0117sm\u0117, karas (paskelbtas ar nepaskelbtas), grasinimas ar pasirengimas karui;<\/li>\n<li>c) gaisras, sprogimas, audra, potvynis, \u017eem\u0117s dreb\u0117jimas, nuosmukis, epidemija ar kita stichin\u0117 nelaim\u0117;<\/li>\n<li>d) ne\u012fmanoma naudotis gele\u017einkeliais, laivyba, orlaiviais, autotransportu ar kitomis vie\u0161ojo ar privataus transporto priemon\u0117mis;<\/li>\n<li>e) ne\u012fmanoma naudotis vie\u0161aisiais ar priva\u010diais telekomunikacij\u0173 tinklais;<\/li>\n<li>f) bet kurios vyriausyb\u0117s aktai, dekretai, teis\u0117s aktai, reglamentai ar apribojimai.<\/li>\n<\/ol>\n<p>Laikoma, kad m\u016bs\u0173 veikla pagal bet koki\u0105 sutart\u012f sustabdyta laikotarpiui, kuriam t\u0119siasi nenugalimos j\u0117gos (Force Majeure), ir mes prat\u0119sime savo veiklos laik\u0105 po to laikotarpio. Mes pasistengsime pagr\u012fstai stengdamiesi u\u017ebaigti nenugalimos j\u0117gos \u012fvyk\u012f arba rasti sprendim\u0105, pagal kur\u012f m\u016bs\u0173 \u012fsipareigojimai pagal sutart\u012f gali b\u016bti vykdomi nepaisant nenugalimos j\u0117gos.<\/p>\n<\/div><\/div><div class=\"wpb_text_column\" ><div class=\"wpb_wrapper\"><h3>BENDROJI DALIS<\/h3>\n<p>Intelektin\u0117 nuosavyb\u0117 ir naudojimo teis\u0117 Jei nenurodyta kitaip, autori\u0173 teis\u0117s ir kitos intelektin\u0117s nuosavyb\u0117s teis\u0117s \u012f Svetain\u0117s turin\u012f priklauso mums arba m\u016bs\u0173 licencijos i\u0161dav\u0117jams. Draud\u017eiama bet kokia prieiga prie svetain\u0117s ar jos naudojimas d\u0117l bet koki\u0173 kit\u0173 prie\u017eas\u010di\u0173, i\u0161skyrus j\u016bs\u0173 asmenin\u012f, nekomercin\u012f naudojim\u0105. Jokia svetain\u0117s dalis negali b\u016bti atgaminama ar saugoma jokioje kitoje svetain\u0117je ar \u012ftraukta \u012f vie\u0161\u0105 ar priva\u010di\u0105 elektronini\u0173 paie\u0161k\u0173 sistem\u0105 ar svetain\u0119 be i\u0161ankstinio ra\u0161ytinio m\u016bs\u0173 leidimo. J\u016bs pripa\u017e\u012fstate ir sutinkate, kad svetain\u0117je esanti med\u017eiaga ir turinys yra prieinami tik j\u016bs\u0173 asmeniniam nekomerciniam naudojimui . Bet koks kitas svetain\u0117s med\u017eiagos ir turinio naudojimas yra grie\u017etai draud\u017eiamas. J\u016bs sutinkate nekopijuoti, nedauginti, perduoti, skelbti, rodyti, platinti, komerci\u0161kai naudoti ar kurti i\u0161vestinius tokios med\u017eiagos ir turinio k\u016brinius (ir sutinkate nepad\u0117ti jokiai tre\u010diajai \u0161aliai). \u012estatym\u0173 laikymasis Svetain\u0117 gali b\u016bti naudojama tik teis\u0117tais tikslais ir teis\u0117tu b\u016bdu. J\u016bs sutinkate laikytis vis\u0173 taikom\u0173 \u012fstatym\u0173 ir kit\u0173 teis\u0117s akt\u0173, susijusi\u0173 su svetaine ir bet kokiomis operacijomis, vykdomomis svetain\u0117je ar per j\u0105. Ra\u0161ytiniai prane\u0161imai Pagal galiojan\u010dius \u012fstatymus reikalaujama, kad j\u016bs\u0173 siun\u010diama informacija ar prane\u0161imai b\u016bt\u0173 ra\u0161ti\u0161ki. Naudodamiesi m\u016bs\u0173 svetaine sutinkate, kad bendravimas su mumis vyks elektronin\u0117je erdv\u0117je. Mes susisieksime su jumis el. Pa\u0161tu arba pateiksime informacij\u0105, paskelbdami prane\u0161imus m\u016bs\u0173 svetain\u0117je. Sutarties tikslais sutinkate su \u0161iomis elektronin\u0117mis ry\u0161io priemon\u0117mis ir pripa\u017e\u012fstate, kad visos sutartys, prane\u0161imai, informacija ir kiti prane\u0161imai, kuriuos mes jums teikiame elektroniniu b\u016bdu, atitinka bet kok\u012f teisin\u012f reikalavim\u0105, kad tokie prane\u0161imai b\u016bt\u0173 ra\u0161ti\u0161ki. \u0160i s\u0105lyga neturi \u012ftakos j\u016bs\u0173 \u012fstatymin\u0117ms teis\u0117ms.<\/p>\n<h4>Prane\u0161imai<\/h4>\n<p>Prane\u0161imas bus laikomas gautu ir tinkamai \u012fteiktu i\u0161kart, kai jis bus paskelbtas m\u016bs\u0173 svetain\u0117je, pra\u0117jus 42 valandoms po el. Lai\u0161ko i\u0161siuntimo arba pra\u0117jus trims dienoms nuo bet kurio lai\u0161ko paskelbimo dienos. \u012erodant bet kokio prane\u0161imo \u012fteikim\u0105, lai\u0161ko atveju pakaks \u012frodyti, kad toks lai\u0161kas buvo tinkamai adresuotas, antspauduotas ir \u012fd\u0117tas \u012f pa\u0161t\u0105, o el. Lai\u0161ko atveju &#8211; kad toks el. nurodyt\u0105 adresato &#8211; el. pa\u0161to adres\u0105.<\/p>\n<h4>Teisi\u0173 ir pareig\u0173 perdavimas<\/h4>\n<p>J\u016bs\u0173 ir m\u016bs\u0173 sutartis yra privaloma ir jums, ir mums, ir atitinkamiems m\u016bs\u0173 teisi\u0173 per\u0117m\u0117jams. J\u016bs negalite perduoti, perleisti, apmokestinti ar kitaip disponuoti Sutartimi ar bet kuriomis i\u0161 jos kylan\u010diomis teis\u0117mis ar pareigomis be i\u0161ankstinio m\u016bs\u0173 ra\u0161ytinio sutikimo. Mes galime perduoti, perleisti, apmokestinti, sudaryti subrangos sutartis ar kitaip disponuoti bet kuriomis i\u0161 jo kylan\u010diomis teis\u0117mis ar pareigomis\u00a0 bet kuriuo sutarties galiojimo metu. Jei kuri nors \u0161i\u0173 S\u0105lyg\u0173 dalis bus laikoma neteis\u0117ta, negaliojan\u010dia ar d\u0117l koki\u0173 nors prie\u017eas\u010di\u0173 ne\u012fgyvendinama, tada \u0161i nuostata bus laikoma atskirta nuo \u0161i\u0173 S\u0105lyg\u0173 ir netur\u0117s \u012ftakos likusi\u0173 \u0161i\u0173 S\u0105lyg\u0173 galiojimui ir vykdymui.<\/p>\n<h4>Pilnas susitarimas<\/h4>\n<p>Mes ketiname remtis \u0161iomis S\u0105lygomis ir visais jose ai\u0161kiai nurodytais dokumentais, susijusiais su bet kurios Sutarties dalyku. Nors mes prisiimame atsakomyb\u0119 u\u017e m\u016bs\u0173 tinkamai \u012fgaliot\u0173 atstov\u0173 parei\u0161kimus ir parei\u0161kimus, \u012fsitikinkite, kad pra\u0161ote, kad visi \u0161i\u0173 s\u0105lyg\u0173 ir s\u0105lyg\u0173 pakeitimai b\u016bt\u0173 patvirtinti ra\u0161tu.<\/p>\n<h4>M\u016bs\u0173 teis\u0117 keisti \u0161ias s\u0105lygas<\/h4>\n<p>Mes turime teis\u0119 retkar\u010diais per\u017ei\u016br\u0117ti ir keisti \u0161ias s\u0105lygas. Jums bus taikoma politika ir s\u0105lygos, galiojan\u010dios tuo metu, kai u\u017esakote i\u0161 m\u016bs\u0173 Produktus, nebent \u012fstatymai ar vyriausyb\u0117s institucijos privalo atlikti bet kokius \u0161ios politikos ar \u0161i\u0173 s\u0105lyg\u0173 pakeitimus (tokiu atveju tai bus taikoma anks\u010diau j\u016bs\u0173 pateiktiems u\u017esakymams), arba jei mes jums prane\u0161ame apie \u0161ios politikos ar \u0161i\u0173 s\u0105lyg\u0173 pasikeitim\u0105 prie\u0161 i\u0161siun\u010diant jums i\u0161siuntimo patvirtinim\u0105 (tokiu atveju mes turime teis\u0119 manyti, kad sutikote su pakeitimu s\u0105lygos, nebent per septynias darbo dienas nuo produkt\u0173 gavimo prane\u0161ate mums\u00a0 prie\u0161ingai.<\/p>\n<h4>Teis\u0117<\/h4>\n<p>\u0160ias s\u0105lygas ir sutartis reglamentuoja ir ai\u0161kina Lietuvos \u012fstatymai. Bet koks gin\u010das ar reikalavimas, kylantis i\u0161 Sutar\u010di\u0173 ar susij\u0119s su jomis ar j\u0173 sudarymu (\u012fskaitant nesutartinius gin\u010dus ar pretenzijas), priklauso i\u0161imtinei Lietuvos teism\u0173 jurisdikcijai.<\/p>\n<\/div><\/div><\/div><\/div><\/div><\/div><\/div><\/section>\n","protected":false},"excerpt":{"rendered":"Svetain\u0117s \u201ewww.crystal-decanter.com\/lt\/\u201c (toliau &#8211; Svetain\u0117) administravimas negali perduoti ar atskleisti informacijos, kuri\u0105 pateikia vartotojas (toliau &#8211; Vartotojas) registruodamasis ir naudodamasis svetain\u0117s funkcijomis tre\u010diosioms \u0161alims, i\u0161skyrus tuos atvejus, kuriuos apra\u0161o \u0161alies, kurioje veikia vartotojas, teis\u0117s aktus. Asmenin\u0117s informacijos gavimas Bendravimui svetain\u0117je vartotojas gali savo pra\u0161ymu \u012fvesti tam tikr\u0105 asmenin\u0119 informacij\u0105, pavyzd\u017eiui, telefono numer\u012f, u\u017esisakydamas \u201eskambut\u012f\u201c arba...","protected":false},"author":4,"featured_media":0,"parent":0,"menu_order":71,"comment_status":"closed","ping_status":"closed","template":"","meta":{"_acf_changed":false,"inline_featured_image":false,"footnotes":""},"class_list":["post-223","page","type-page","status-publish","hentry"],"acf":[],"_links":{"self":[{"href":"https:\/\/crystal-decanter.com\/lt\/wp-json\/wp\/v2\/pages\/223","targetHints":{"allow":["GET"]}}],"collection":[{"href":"https:\/\/crystal-decanter.com\/lt\/wp-json\/wp\/v2\/pages"}],"about":[{"href":"https:\/\/crystal-decanter.com\/lt\/wp-json\/wp\/v2\/types\/page"}],"author":[{"embeddable":true,"href":"https:\/\/crystal-decanter.com\/lt\/wp-json\/wp\/v2\/users\/4"}],"replies":[{"embeddable":true,"href":"https:\/\/crystal-decanter.com\/lt\/wp-json\/wp\/v2\/comments?post=223"}],"version-history":[{"count":7,"href":"https:\/\/crystal-decanter.com\/lt\/wp-json\/wp\/v2\/pages\/223\/revisions"}],"predecessor-version":[{"id":1071,"href":"https:\/\/crystal-decanter.com\/lt\/wp-json\/wp\/v2\/pages\/223\/revisions\/1071"}],"wp:attachment":[{"href":"https:\/\/crystal-decanter.com\/lt\/wp-json\/wp\/v2\/media?parent=223"}],"curies":[{"name":"wp","href":"https:\/\/api.w.org\/{rel}","templated":true}]}}