{"id":1929,"date":"2021-03-12T11:45:13","date_gmt":"2021-03-12T09:45:13","guid":{"rendered":"https:\/\/www.crystal-decanter.com\/?page_id=1929"},"modified":"2022-10-11T18:35:08","modified_gmt":"2022-10-11T16:35:08","slug":"warranty-exchange-and-returns","status":"publish","type":"page","link":"https:\/\/crystal-decanter.com\/de\/warranty-exchange-and-returns\/","title":{"rendered":"Warranty, exchange and returns"},"content":{"rendered":"<section class=\"l-section wpb_row height_medium\"><div class=\"l-section-h i-cf\"><div class=\"g-cols vc_row type_default valign_top\"><div class=\"vc_col-sm-12 wpb_column vc_column_container\"><div class=\"vc_column-inner\"><div class=\"wpb_wrapper\"><div class=\"wpb_text_column\" ><div class=\"wpb_wrapper\"><h3>Garantie<\/h3>\n<p>Unsere 24-monatige Garantie deckt Herstellungsfehler in Material und Verarbeitung ab, wenn das Produkt unter normalen Bedingungen verwendet wird.<\/p>\n<\/div><\/div><div class=\"w-separator size_medium\"><\/div><div class=\"wpb_text_column\" ><div class=\"wpb_wrapper\"><\/div><\/div>\n<h3>Umtausch und R\u00fcckgabe<\/h3>\n<p>Wenn Sie mit Ihrem Kauf nicht zufrieden sind, k\u00f6nnen Sie die Artikel innerhalb von 30 Tagen nach Erhalt der Bestellung gegen Umtausch oder R\u00fcckerstattung zur\u00fccksenden.<\/p>\n<h4>Wie kann ich Artikel umtauschen oder zur\u00fcckgeben?<\/h4>\n<ol>\n<li>Verpacken Sie alle Artikel in neuem und unbenutztem Zustand in der Originalverpackung. Senden Sie uns eine E-Mail mit einem kurzen Anschreiben mit Angabe des Umtausch- oder R\u00fcckgabegrundes. Als Antwort auf Ihren Brief senden wir Ihnen die Adresse, an die das Paket gesendet werden soll.<\/li>\n<li>ersenden Sie Ihr Paket mit vollst\u00e4ndig bezahlter Lieferung und Sendungsverfolgung an unsere Adresse.<\/li>\n<li>Bewahren Sie den Postbeleg Ihrer R\u00fccksendung auf, bis Sie die Best\u00e4tigung Ihrer R\u00fcckerstattung erhalten haben. Sobald wir Ihre Sendung erhalten, senden wir Ihnen eine Best\u00e4tigungs-E-Mail \u00fcber den Eingang. Wenn Sie eine R\u00fcckerstattung w\u00fcnschen, erhalten Sie diese innerhalb von 30 Tagen nach Erhalt Ihrer R\u00fccksendung.<\/li>\n<\/ol>\n<p>Wir haften nicht f\u00fcr Verlust oder Besch\u00e4digung des Pakets.<\/p>\n<p>Gem\u00e4\u00df unseren Allgemeinen Gesch\u00e4ftsbedingungen erstatten wir die Kosten f\u00fcr die R\u00fccksendung nicht und behalten uns au\u00dferdem das Recht vor, einen Teil der Versandkosten von dem zu erstattenden Betrag abzuziehen, wenn Ihre Bestellung versandkostenfrei geliefert wurde.[\/vc_column_text ]<\/div><\/div><\/div><\/div><\/div><\/section>\n","protected":false},"excerpt":{"rendered":"Garantie Unsere 24-monatige Garantie deckt Herstellungsfehler in Material und Verarbeitung ab, wenn das Produkt unter normalen Bedingungen verwendet wird. Umtausch und R\u00fcckgabe Wenn Sie mit Ihrem Kauf nicht zufrieden sind, k\u00f6nnen Sie die Artikel innerhalb von 30 Tagen nach Erhalt der Bestellung gegen Umtausch oder R\u00fcckerstattung zur\u00fccksenden. Wie kann ich Artikel umtauschen oder zur\u00fcckgeben? Verpacken...","protected":false},"author":5,"featured_media":0,"parent":0,"menu_order":61,"comment_status":"closed","ping_status":"closed","template":"","meta":{"_acf_changed":false,"inline_featured_image":false,"footnotes":""},"class_list":["post-1929","page","type-page","status-publish","hentry"],"acf":[],"_links":{"self":[{"href":"https:\/\/crystal-decanter.com\/de\/wp-json\/wp\/v2\/pages\/1929","targetHints":{"allow":["GET"]}}],"collection":[{"href":"https:\/\/crystal-decanter.com\/de\/wp-json\/wp\/v2\/pages"}],"about":[{"href":"https:\/\/crystal-decanter.com\/de\/wp-json\/wp\/v2\/types\/page"}],"author":[{"embeddable":true,"href":"https:\/\/crystal-decanter.com\/de\/wp-json\/wp\/v2\/users\/5"}],"replies":[{"embeddable":true,"href":"https:\/\/crystal-decanter.com\/de\/wp-json\/wp\/v2\/comments?post=1929"}],"version-history":[{"count":3,"href":"https:\/\/crystal-decanter.com\/de\/wp-json\/wp\/v2\/pages\/1929\/revisions"}],"predecessor-version":[{"id":1932,"href":"https:\/\/crystal-decanter.com\/de\/wp-json\/wp\/v2\/pages\/1929\/revisions\/1932"}],"wp:attachment":[{"href":"https:\/\/crystal-decanter.com\/de\/wp-json\/wp\/v2\/media?parent=1929"}],"curies":[{"name":"wp","href":"https:\/\/api.w.org\/{rel}","templated":true}]}}