{"id":1927,"date":"2021-03-01T16:30:03","date_gmt":"2021-03-01T14:30:03","guid":{"rendered":"https:\/\/www.crystal-decanter.com\/?page_id=1927"},"modified":"2022-10-11T19:05:56","modified_gmt":"2022-10-11T17:05:56","slug":"privacy-policy-and-cookies","status":"publish","type":"page","link":"https:\/\/crystal-decanter.com\/de\/privacy-policy-and-cookies\/","title":{"rendered":"Privacy Policy and cookies"},"content":{"rendered":"<section class=\"l-section wpb_row height_medium\"><div class=\"l-section-h i-cf\"><div class=\"g-cols vc_row type_default valign_top\"><div class=\"vc_col-sm-12 wpb_column vc_column_container\"><div class=\"vc_column-inner\"><div class=\"wpb_wrapper\"><div class=\"wpb_text_column\" ><div class=\"wpb_wrapper\"><p><strong>1.Allgemeine Bestimmungen<\/strong><\/p>\n<p>1.1. Diese Datenschutzerkl\u00e4rung regelt die Grunds\u00e4tze der Erhebung, Verarbeitung und Speicherung personenbezogener Daten. Personenbezogene Daten werden von der UAB \u201eCrystalis\u201c verarbeitet und gespeichert, die der Verantwortliche f\u00fcr die personenbezogenen Daten ist (im Folgenden der Verantwortliche).<\/p>\n<p>1.2. Betroffene Person im Sinne dieser Datenschutzerkl\u00e4rung ist der Kunde oder eine andere nat\u00fcrliche Person, deren personenbezogene Daten von dem f\u00fcr die Verarbeitung Verantwortlichen verarbeitet werden.<\/p>\n<p>1.3. F\u00fcr die Zwecke dieser Datenschutzrichtlinie ist ein Kunde jeder, der Waren oder Dienstleistungen auf der Website des f\u00fcr die Verarbeitung Verantwortlichen kauft.<\/p>\n<p>1.4. Der Verantwortliche beachtet die gesetzlich vorgeschriebenen Grunds\u00e4tze zur Verarbeitung personenbezogener Daten und verarbeitet personenbezogene Daten unter anderem auf rechtm\u00e4\u00dfige, faire und sichere Weise. Der Verantwortliche kann erkl\u00e4ren, dass personenbezogene Daten gem\u00e4\u00df den gesetzlichen Bestimmungen verarbeitet wurden.<\/p>\n<p><strong>2. Erhebung, Verarbeitung und Speicherung personenbezogener Daten<\/strong><\/p>\n<p>2.1. Die von dem f\u00fcr die Verarbeitung Verantwortlichen erhobenen, verarbeiteten und gespeicherten personenbezogenen Daten wurden elektronisch erhoben, haupts\u00e4chlich \u00fcber die Website und E-Mail.<\/p>\n<p>2.2. Durch die Weitergabe ihrer personenbezogenen Daten r\u00e4umt die betroffene Person dem Verantwortlichen das Recht ein, die personenbezogenen Daten, die die betroffene Person beim Kauf von Waren direkt oder indirekt mit dem Verantwortlichen teilt, zu dem in der Datenschutzerkl\u00e4rung definierten Zweck zu erheben, zu ordnen, zu verwenden und zu verwalten oder Dienstleistungen auf der Website.<\/p>\n<p>2.3. Die betroffene Person haftet f\u00fcr die Genauigkeit, Richtigkeit und Vollst\u00e4ndigkeit der von ihr \u00fcbermittelten Daten. Die \u00dcbermittlung wissentlich falscher Daten wird als Versto\u00df gegen die Datenschutzrichtlinie angesehen. Die betroffene Person ist verpflichtet, dem Verantwortlichen \u00c4nderungen der \u00fcbermittelten Daten unverz\u00fcglich mitzuteilen.<\/p>\n<p>2.4. Der Verantwortliche haftet nicht f\u00fcr Sch\u00e4den oder Verluste, die der betroffenen Person oder einem Dritten infolge der \u00dcbermittlung falscher Daten durch die betroffene Person entstehen.<\/p>\n<p><strong>3. Verarbeitung personenbezogener Daten von Kunden<\/strong><\/p>\n<p>3.1. Der Verantwortliche kann die folgenden personenbezogenen Daten der betroffenen Person verarbeiten:<\/p>\n<p>3.1.1. Vor- und Nachname;<\/p>\n<p>3.1.2. Telefonnummer;<\/p>\n<p>3.1.3. E-Mail-Addresse;<\/p>\n<p>3.1.4. Lieferadresse;<\/p>\n<p>3.2. Dar\u00fcber hinaus hat der Verantwortliche das Recht, Daten \u00fcber den Kunden zu erheben, die in \u00f6ffentlichen Registern verf\u00fcgbar sind.<\/p>\n<p>3.3. Rechtsgrundlage f\u00fcr die Verarbeitung personenbezogener Daten Artikel 6 Absatz 1 Punkte (a), (b), (c) und (f) der Datenschutz-Grundverordnung:<\/p>\n<p>(a) die betroffene Person hat der Verarbeitung ihrer personenbezogenen Daten f\u00fcr einen oder mehrere bestimmte Zwecke zugestimmt;<\/p>\n<p>(b) die Verarbeitung ist erforderlich, um einen Vertrag zu erf\u00fcllen, dessen Vertragspartei die betroffene Person ist, oder um auf Wunsch der betroffenen Person vor Vertragsabschluss Ma\u00dfnahmen zu ergreifen;<\/p>\n<p>(c) die Verarbeitung ist zur Erf\u00fcllung einer rechtlichen Verpflichtung erforderlich, der der Verantwortliche unterliegt;<\/p>\n<p>(f) die Verarbeitung zur Wahrung der berechtigten Interessen des Verantwortlichen oder eines Dritten erforderlich ist, es sei denn, diese Interessen \u00fcberwiegen die Interessen oder Grundrechte und Grundfreiheiten der betroffenen Person, die insbesondere den Schutz personenbezogener Daten erfordern wenn die betroffene Person ein Kind ist.<\/p>\n<p>3.4. Verarbeitung personenbezogener Daten nach Verarbeitungszweck:<\/p>\n<p>3.4.1. Zweck der Verarbeitung \u2013 Sicherheit und Schutz<br \/>\nDie maximale Dauer der Speicherung personenbezogener Daten \u2013 gem\u00e4\u00df den gesetzlich festgelegten Bedingungen.<\/p>\n<p>3.5. Der Verantwortliche hat das Recht, personenbezogene Daten von Kunden an Dritte wie Verarbeiter, Buchhalter, Transport- und Kurierunternehmen, Unternehmen, die Transferdienste anbieten, weiterzugeben. Verantwortlich f\u00fcr die Verarbeitung personenbezogener Daten ist der Verantwortliche. Der Verantwortliche \u00fcbermittelt die f\u00fcr die Zahlungsabwicklung erforderlichen personenbezogenen Daten an den Auftragsverarbeiter Maksekeskus AS.<\/p>\n<p>3.6. Der f\u00fcr die Verarbeitung Verantwortliche verarbeitet und speichert personenbezogene Daten der betroffenen Person und setzt organisatorische und technische Ma\u00dfnahmen ein, um sicherzustellen, dass die personenbezogenen Daten vor zuf\u00e4lliger oder unrechtm\u00e4\u00dfiger Zerst\u00f6rung, Ver\u00e4nderung, Offenlegung und jeder anderen unrechtm\u00e4\u00dfigen Verarbeitung gesch\u00fctzt sind.<\/p>\n<p>3.7. Der Verantwortliche speichert die Daten der betroffenen Personen je nach Verarbeitungszweck, jedoch nicht l\u00e4nger als 3 Jahre.<\/p>\n<p><strong>4. Rechte der betroffenen Person<\/strong><\/p>\n<p>4.1. Die betroffene Person hat das Recht, Zugang zu ihren personenbezogenen Daten zu erhalten und diese zu pr\u00fcfen.<\/p>\n<p>4.2. Die betroffene Person hat das Recht, Auskunft \u00fcber die Verarbeitung ihrer personenbezogenen Daten zu erhalten.<\/p>\n<p>4.3. Die betroffene Person hat das Recht, unrichtige Daten zu \u00e4ndern oder zu berichtigen.<\/p>\n<p>4.4. Verarbeitet der Verantwortliche personenbezogene Daten der betroffenen Person auf Grundlage einer von ihr erteilten Einwilligung, so hat die betroffene Person das Recht, ihre Einwilligung jederzeit zu widerrufen.<\/p>\n<p>4.5. Zur Aus\u00fcbung ihrer Rechte kann sich die betroffene Person an den Kundensupport des Online-Shops unter info@crystal-decanter.com wenden.<\/p>\n<p>4.6. Zum Schutz ihrer Rechte kann die betroffene Person eine Beschwerde bei der Datenschutzbeh\u00f6rde einreichen.<\/p>\n<p><strong>5. Schlussbestimmungen<\/strong><\/p>\n<p>5.1. Diese Datenschutzbestimmungen wurden in \u00dcbereinstimmung mit der Verordnung (EU) 2016\/679 des Europ\u00e4ischen Parlaments und des Rates zum Schutz nat\u00fcrlicher Personen bei der Verarbeitung personenbezogener Daten und zum freien Datenverkehr erstellt, und zur Aufhebung der Richtlinie 95\/46\/EG (Datenschutz-Grundverordnung), des Datenschutzgesetzes der Republik Estland und der Gesetzgebung der Republik Estland und der Europ\u00e4ischen Union.<\/p>\n<p>5.2. Der Verantwortliche hat das Recht, die Datenschutzbestimmungen ganz oder teilweise zu \u00e4ndern, indem er die \u00c4nderungen den betroffenen Personen \u00fcber www.crystal-decenter.com\/de mitteilt.<\/p>\n<\/div><\/div><\/div><\/div><\/div><\/div><\/div><\/section><section class=\"l-section wpb_row height_medium\"><div class=\"l-section-h i-cf\"><div class=\"g-cols vc_row type_default valign_top\"> <div class=\"vc_col-sm-12 wpb_column vc_column_container\"><div class=\"vc_column-inner\"><div class=\"wpb_wrapper\"><div class=\"wpb_text_column\" ><div class=\"wpb_wrapper\"><h3>Cookies erkl\u00e4rt<\/h3>\n<p>Wenn Sie Websites im Internet durchsuchen, werden kleine Textdateien, sogenannte Cookies, auf Ihrem Computer gespeichert, um Ihre Nutzung der Website zu verfolgen und Ihr Einkaufserlebnis zu personalisieren. Diese Cookies k\u00f6nnen gespeichert werden, damit diese Website, wenn Sie zu einer Website zur\u00fcckkehren, die Informationen aus den Cookies abrufen kann, die auf Ihrem Computer gespeichert sind (z. B. Dinge, die Sie in Ihrer Einkaufstasche gelassen haben), um Ihre Erfahrung auf der Website anzupassen.<\/p>\n<p>Unsere Website www.crystal-decanter.com\/de verwendet Cookies, um Ihre Einkaufsreise durch unsere Website zu verstehen. Diese Cookies erkennen Ihren individuellen Computer, Ihr Tablet oder Ihr Mobiltelefon \u2013 sie enthalten keine pers\u00f6nlich identifizierbaren Informationen \u00fcber Sie. Zu den pers\u00f6nlich identifizierbaren Informationen geh\u00f6ren Ihr Name, Ihre Adresse, Kreditkartendaten oder Telefonnummer \u2013 seien Sie versichert, nichts davon wird in unseren Cookies gespeichert.<\/p>\n<p>Cookies k\u00f6nnen absolut sicher auf Ihrem Computer gespeichert werden, und fast alle Webbrowser haben die Cookie-Speicherung als Standardeinstellung aktiviert. Alle Browser haben jedoch die M\u00f6glichkeit, die Speicherung von Cookies auf Ihrem Computer zu deaktivieren, wenn Sie dies w\u00fcnschen. Bitte beachten Sie, dass das Deaktivieren von Cookies in Ihrem Browser Ihre M\u00f6glichkeit, online bei www.crystal-decanter.com\/de einzukaufen, einschr\u00e4nkt, da wir Cookies verwenden, um Produkte in Ihrer Einkaufstasche zu verarbeiten und Ihre Bestellungen zu bearbeiten. Sie k\u00f6nnen weiterhin in unserem Produktkatalog recherchieren, jedoch nicht \u00fcber unsere Website einkaufen. Dies w\u00e4re auch eine h\u00e4ufige Erfahrung mit eingeschr\u00e4nkter Cookie-Funktionalit\u00e4t auf vielen Websites.<\/p>\n<h3>Teilen unserer Seiten<\/h3>\n<p>Wenn Sie die Gelegenheit nutzen, Inhalte mit Freunden \u00fcber soziale Netzwerke wie Facebook, Twitter, Google+, Pinterest und Instagram zu \u201eteilen\u201c, werden m\u00f6glicherweise Cookies von diesen Websites auf Ihrem Computer gespeichert. Wir haben keine Kontrolle \u00fcber die Einstellung dieser Cookies, daher empfehlen wir Ihnen, die Websites von Drittanbietern zu \u00fcberpr\u00fcfen, um weitere Informationen \u00fcber ihre Cookies und deren Verwaltung zu erhalten. Weitere Informationen zu den Datenschutz- und Cookies-Richtlinien sozialer Netzwerke finden Sie, indem Sie auf die obigen Links klicken.<\/p>\n<p>Wenn Sie mehr \u00fcber Cookies im Allgemeinen und deren Verwaltung erfahren m\u00f6chten, besuchen Sie aboutcookies.org (wird in einem neuen Fenster ge\u00f6ffnet).<\/p>\n<div class=\"wpb_text_column wpb_content_element\">\n<div class=\"wpb_wrapper\">\n<h3>Cookies verwalten<\/h3>\n<p>Wenn Sie unsere Website zum ersten Mal besuchen, informieren wir Sie dar\u00fcber, dass unsere Website Cookies auf Ihrem Computer platziert, da Sie die Website m\u00f6glicherweise sofort verlassen m\u00f6chten. Wenn Sie die Verwendung von Cookies akzeptieren, k\u00f6nnen Sie dennoch einzelne Cookies wie in unserer Cookie-Richtlinie beschrieben deaktivieren.<\/p>\n<h4>So aktivieren Sie Cookies in verschiedenen Browsern<\/h4>\n<p>Cookies sollten in Ihrem Browser standardm\u00e4\u00dfig aktiviert sein. Wenn Sie also Ihre Einstellungen nicht ge\u00e4ndert haben, sollten Sie davon ausgehen, dass Sie Cookies von den Websites akzeptieren, die Sie besuchen. Das Deaktivieren Ihrer Cookies wird Ihre Erfahrung auf www.crystal-decanter.com und vielen anderen Websites im Internet einschr\u00e4nken. Wenn Sie Ihre Cookie-Einstellungen \u00e4ndern m\u00f6chten, haben wir unten eine Anleitung f\u00fcr Sie bereitgestellt. Bitte denken Sie daran, dass Sie, wenn Sie Ihre Cookies deaktivieren, Cookies von bestimmten genehmigten Websites zulassen k\u00f6nnen, indem Sie die Homepage der Website zu Ihrer Ausnahmeliste hinzuf\u00fcgen.<\/p>\n<p>Finden Sie zun\u00e4chst heraus, was Ihr Standard-Webbrowser auf Ihrem Computer ist oder welchen Browser Sie am h\u00e4ufigsten f\u00fcr den Zugriff auf das Internet verwenden. Um herauszufinden, welchen Browser Sie verwenden, \u00f6ffnen Sie einfach wie gewohnt das Internet und f\u00fchren Sie dann die folgenden Schritte aus:<\/p>\n<h4>Apple Mac-Benutzer<\/h4>\n<p>\u00d6ffnen Sie wie gewohnt das Internet und klicken Sie oben links auf das Apple-Symbol. W\u00e4hlen Sie die Option \u201e\u00dcber\u201c. Dadurch erfahren Sie, welchen Browsertyp und welche Version Sie verwenden.<\/p>\n<h5>Safari auf OSX<\/h5>\n<ol>\n<li>Klicken Sie oben in Ihrem Browserfenster auf \u201eSafari\u201c und w\u00e4hlen Sie die Option \u201eEinstellungen\u201c.<\/li>\n<li>Klicken Sie auf \u201eSicherheit\u201c und dann auf \u201eCookies akzeptieren\u201c.<\/li>\n<li>W\u00e4hlen Sie \u201eNur von der Website, zu der Sie navigieren\u201c aus.<\/li>\n<\/ol>\n<h5>Microsoft Internet Explorer 5.0 unter OSX<\/h5>\n<ol>\n<li>Klicken Sie oben in Ihrem Browserfenster auf \u201eExplorer\u201c und w\u00e4hlen Sie die Optionen \u201eEinstellungen\u201c.<\/li>\n<li>Scrollen Sie nach unten, bis Sie \u201eCookies\u201c unter Empfangen von Dateien sehen<\/li>\n<li>W\u00e4hlen Sie die Option \u201eNie fragen\u201c.n<\/li>\n<\/ol>\n<h5>Mozilla<\/h5>\n<ol>\n<li>Klicken Sie oben in Ihrem Browserfenster auf \u201eExtras\u201c und w\u00e4hlen Sie \u201eOptionen\u201c.<\/li>\n<li>W\u00e4hlen Sie dann das Datenschutz-Symbol<\/li>\n<li>Klicken Sie auf Cookies und w\u00e4hlen Sie dann \u201eWebsites erlauben, Cookies zu setzen\u201c.<\/li>\n<\/ol>\n<h4>PC-Benutzer<\/h4>\n<p>\u00d6ffnen Sie das Internet wie gewohnt. Klicken Sie in der Symbolleiste oben in Ihrem Browser auf \u201eHilfe\u201c und w\u00e4hlen Sie die Option \u201eInfo\u201c aus dem Dropdown-Men\u00fc. Dies wird Ihnen den Browsertyp und die Version mitteilen. Sobald Sie wissen, welchen Browser Sie verwenden, k\u00f6nnen Sie die Cookie-Einstellungen anhand der folgenden Anleitung finden, die f\u00fcr Ihren Browser relevant ist:<\/p>\n<h5>Google Chrome<\/h5>\n<ol>\n<li>Klicken Sie oben in Ihrem Browserfenster auf \u201eExtras\u201c und w\u00e4hlen Sie \u201eOptionen\u201c.<\/li>\n<li>Klicken Sie auf die Registerkarte \u201eUnder the Hood\u201c, suchen Sie den Abschnitt \u201eDatenschutz\u201c und w\u00e4hlen Sie die Schaltfl\u00e4che \u201eInhaltseinstellungen\u201c<\/li>\n<li>W\u00e4hlen Sie nun \u201eErlauben, dass lokale Daten gesetzt werden\u201c<\/li>\n<\/ol>\n<h5>Microsoft Internet Explorer 6.0, 7.0, 8.0<\/h5>\n<ol>\n<li>Klicken Sie oben in Ihrem Browserfenster auf \u201eExtras\u201c, w\u00e4hlen Sie \u201eInternetoptionen\u201c und klicken Sie dann auf die Registerkarte \u201eDatenschutz\u201c.<\/li>\n<li>Stellen Sie sicher, dass Ihr Datenschutzniveau auf Mittel oder niedriger eingestellt ist, wodurch Cookies in Ihrem Browser aktiviert werden<\/li>\n<li>Einstellungen \u00fcber Mittel deaktivieren Cookies<\/li>\n<\/ol>\n<h5>Mozilla Firefox<\/h5>\n<ol>\n<li>Klicken Sie oben in Ihrem Browserfenster auf \u201eExtras\u201c und w\u00e4hlen Sie \u201eOptionen\u201c.<\/li>\n<li>W\u00e4hlen Sie dann das Datenschutz-Symbol<\/li>\n<li>Klicken Sie auf Cookies und w\u00e4hlen Sie dann \u201eSites erlauben, Cookies zu setzen\u201c.<\/li>\n<\/ol>\n<h5>Safari<\/h5>\n<ol>\n<li>Klicken Sie oben in Ihrem Browserfenster auf das Zahnradsymbol und w\u00e4hlen Sie die Option \u201eEinstellungen\u201c.<\/li>\n<li>Klicken Sie auf \u201eSicherheit\u201c und aktivieren Sie die Option \u201eCookies von Drittanbietern und Werbung blockieren\u201c.<\/li>\n<li>Klicken Sie auf \u201eSpeichern\u201c.<\/li>\n<\/ol>\n<\/div>\n<\/div>\n<\/div><\/div><\/div><\/div><\/div><\/div><\/div><\/section>\n","protected":false},"excerpt":{"rendered":"1.Allgemeine Bestimmungen 1.1. Diese Datenschutzerkl\u00e4rung regelt die Grunds\u00e4tze der Erhebung, Verarbeitung und Speicherung personenbezogener Daten. Personenbezogene Daten werden von der UAB \u201eCrystalis\u201c verarbeitet und gespeichert, die der Verantwortliche f\u00fcr die personenbezogenen Daten ist (im Folgenden der Verantwortliche). 1.2. Betroffene Person im Sinne dieser Datenschutzerkl\u00e4rung ist der Kunde oder eine andere nat\u00fcrliche Person, deren personenbezogene Daten...","protected":false},"author":5,"featured_media":0,"parent":0,"menu_order":64,"comment_status":"closed","ping_status":"open","template":"","meta":{"_acf_changed":false,"inline_featured_image":false,"footnotes":""},"class_list":["post-1927","page","type-page","status-publish","hentry"],"acf":[],"_links":{"self":[{"href":"https:\/\/crystal-decanter.com\/de\/wp-json\/wp\/v2\/pages\/1927","targetHints":{"allow":["GET"]}}],"collection":[{"href":"https:\/\/crystal-decanter.com\/de\/wp-json\/wp\/v2\/pages"}],"about":[{"href":"https:\/\/crystal-decanter.com\/de\/wp-json\/wp\/v2\/types\/page"}],"author":[{"embeddable":true,"href":"https:\/\/crystal-decanter.com\/de\/wp-json\/wp\/v2\/users\/5"}],"replies":[{"embeddable":true,"href":"https:\/\/crystal-decanter.com\/de\/wp-json\/wp\/v2\/comments?post=1927"}],"version-history":[{"count":3,"href":"https:\/\/crystal-decanter.com\/de\/wp-json\/wp\/v2\/pages\/1927\/revisions"}],"predecessor-version":[{"id":1935,"href":"https:\/\/crystal-decanter.com\/de\/wp-json\/wp\/v2\/pages\/1927\/revisions\/1935"}],"wp:attachment":[{"href":"https:\/\/crystal-decanter.com\/de\/wp-json\/wp\/v2\/media?parent=1927"}],"curies":[{"name":"wp","href":"https:\/\/api.w.org\/{rel}","templated":true}]}}