{"id":1923,"date":"2021-03-12T11:46:37","date_gmt":"2021-03-12T09:46:37","guid":{"rendered":"https:\/\/www.crystal-decanter.com\/?page_id=1923"},"modified":"2022-10-11T18:02:49","modified_gmt":"2022-10-11T16:02:49","slug":"terms-and-conditions","status":"publish","type":"page","link":"https:\/\/crystal-decanter.com\/de\/terms-and-conditions\/","title":{"rendered":"Terms and conditions"},"content":{"rendered":"<section class=\"l-section wpb_row height_medium\"><div class=\"l-section-h i-cf\"><div class=\"g-cols vc_row type_default valign_top\"><div class=\"vc_col-sm-12 wpb_column vc_column_container\"><div class=\"vc_column-inner\"><div class=\"wpb_wrapper\"><div class=\"wpb_text_column\" ><div class=\"wpb_wrapper\"><p>Der Eigent\u00fcmer des Online-Shops Crystal-decanter.com (im Folgenden als Online-Shop bezeichnet) ist UAB \u201eCrystalis\u201c (Registrierungscode 305784139) mit Sitz in Vilnius, Giruliu g. 10.<\/p>\n<h6>G\u00fcltigkeit des Kaufvertrages, Produkt- und Preisinformationen<\/h6>\n<p>Die Verkaufsbedingungen gelten f\u00fcr den Kauf von Waren aus dem Online-Shop.<br \/>\nDie Preise der im Online-Shop verkauften Produkte sind neben den Produkten angegeben. Zum Preis kommt noch eine Versandpauschale hinzu.<br \/>\nDie Versandkosten h\u00e4ngen vom Standort des K\u00e4ufers und der Versandart ab. Die Versandkosten werden angezeigt, wenn der K\u00e4ufer die Bestellung aufgibt.<br \/>\nAlle Preise sind in Euro (\u20ac).<\/p>\n<h6>Eine Bestellung aufgeben<\/h6>\n<p>F\u00fcgen Sie die gew\u00fcnschten Produkte Ihrem Warenkorb hinzu, um sie zu bestellen. F\u00fcllen Sie alle erforderlichen Felder aus und w\u00e4hlen Sie die am besten geeignete Versandart, um die Bestellung abzuschlie\u00dfen. Die Gesamtkosten werden dann auf dem Bildschirm angezeigt. Dies kann sicher \u00fcber die folgenden von Maksekeskus AS bereitgestellten Zahlungsmethoden bezahlt werden:<\/p>\n<p>Litauische Bankverbindungen: Swedbank, SEB und Luminor<br \/>\nVisa \/ MasterCard-Kreditkartenzahlungen<\/p>\n<p>Wenn Sie eine Bankverbindungszahlung verwenden, best\u00e4tigen Sie die Bestellung und klicken Sie dann auf die Schaltfl\u00e4che \u201eZur\u00fcck zum H\u00e4ndler\u201c.<br \/>\nDie f\u00fcr die Ausf\u00fchrung von Zahlungen erforderlichen personenbezogenen Daten werden an den autorisierten Verarbeiter Maksekeskus AS \u00fcbermittelt. Der Vertrag kommt mit der \u00dcberweisung des zu zahlenden Betrages auf das Bankkonto des Online-Shops zustande.<br \/>\nFalls wir die bestellte Ware wegen zur Neige gehenden Lagerbest\u00e4nde oder aus anderen Gr\u00fcnden nicht liefern k\u00f6nnen, wird der K\u00e4ufer so schnell wie m\u00f6glich informiert und das gezahlte Geld (einschlie\u00dflich der Versandkosten) wird unverz\u00fcglich, sp\u00e4testens jedoch innerhalb von 14 Tagen zur\u00fcckerstattet Erhalt der Benachrichtigung.<\/p>\n<\/div><\/div><div class=\"wpb_text_column\" ><div class=\"wpb_wrapper\"><p>Dies sind die Nutzungsbedingungen der Website www.crystal-decanter.com\/de (&#8222;Bedingungen&#8220;). Diese Bedingungen gelten f\u00fcr die Nutzung dieser Website und durch den Zugriff auf diese Website und\/oder die Bestellung von Produkten stimmen Sie zu, an die unten aufgef\u00fchrten Bedingungen gebunden zu sein. Wenn Sie nicht damit einverstanden sind, an diese Allgemeinen Gesch\u00e4ftsbedingungen gebunden zu sein, nutzen Sie unsere Website bitte nicht.<\/p>\n<p>Bevor Sie eine Bestellung bei uns aufgeben, wenden Sie sich bei Fragen zu diesen Allgemeinen Gesch\u00e4ftsbedingungen bitte per E-Mail an unsere Kundendienstmitarbeiter oder rufen Sie uns an. Unsere Leitungen sind von Montag bis Freitag von 09:00 bis 18:00 UTC +3 ge\u00f6ffnet. Bitte beachten Sie, dass alle Anrufe bei unseren Kundendienstmitarbeitern zum Ortstarif abgerechnet werden. Eingehende und ausgehende Anrufe k\u00f6nnen zu Qualit\u00e4ts\u00fcberwachungs- und Schulungszwecken aufgezeichnet werden.<\/p>\n<p>Sie sollten eine Kopie dieser Bedingungen zum sp\u00e4teren Nachschlagen ausdrucken.<\/p>\n<\/div><\/div><div class=\"wpb_text_column\" ><div class=\"wpb_wrapper\"><h4>DEFINITIONEN<\/h4>\n<ul>\n<li>&#8222;Pers\u00f6nliche Daten&#8220; bezeichnet die von Ihnen bei der Registrierung angegebenen Daten;<\/li>\n<li>&#8222;Produkt&#8220; bezeichnet ein Produkt, das auf der Website zum Verkauf angeboten wird;<\/li>\n<li>&#8222;Wir\/uns&#8220; bedeutet www.crystal-decanter.com\/de;<\/li>\n<li>&#8222;Website&#8220; bezeichnet die Website unter www.crystal-decanter.com\/de;<\/li>\n<li>&#8222;Sie&#8220; bezeichnet einen Benutzer dieser Website.<\/li>\n<\/ul>\n<\/div><\/div><div class=\"wpb_text_column\" ><div class=\"wpb_wrapper\"><h4>NUTZUNG DER WEBSITE<\/h4>\n<h5>Zugang<\/h5>\n<p>Sie erhalten Zugang zu dieser Website in \u00dcbereinstimmung mit diesen Bedingungen, und alle von Ihnen aufgegebenen Bestellungen m\u00fcssen streng in \u00dcbereinstimmung mit diesen Bedingungen aufgegeben werden.<\/p>\n<h5>Anmeldung<\/h5>\n<p>By registering as a user of our Website, you warrant that:<br \/>\n(a) the Personal Information which you provide when you register as a user is true, accurate, current and complete in all respects; and<br \/>\n(b) you will either notify us immediately of any changes to the Personal Information by contacting our Customer Service Representatives by email or calling us; or amend the Personal Information yourself by logging into your account and making the changes.<\/p>\n<p>You agree not to impersonate any other person or entity or to use a false name or a name that you are not authorised to use.<\/p>\n<h5>Unsere Rechte<\/h5>\n<p>Wir behalten uns das Recht vor:<br \/>\n(a) diese Website (oder einen Teil davon) mit oder ohne Benachrichtigung an Sie vor\u00fcbergehend oder dauerhaft zu \u00e4ndern oder zur\u00fcckzuziehen, und Sie best\u00e4tigen, dass wir Ihnen oder Dritten gegen\u00fcber nicht f\u00fcr eine \u00c4nderung oder Entfernung der Website haftbar sind; und\/oder<br \/>\n(b) diese Bedingungen von Zeit zu Zeit gem\u00e4\u00df der Klausel \u201eUnser Recht, diese Bedingungen zu \u00e4ndern\u201c \u00e4ndern. Wenn Sie solchen ge\u00e4nderten Bedingungen nicht zustimmen, m\u00fcssen Sie die Nutzung der Website einstellen. Wenn Sie die Website weiterhin nutzen, gelten die ge\u00e4nderten Bedingungen als akzeptiert.\/vc_column_text]<div class=\"wpb_text_column\" ><div class=\"wpb_wrapper\"><\/div><\/div>\n<h4>KAUF VON PRODUKTEN<\/h4>\n<h5>Bestellung<\/h5>\n<p>Indem Sie eine Bestellung \u00fcber unsere Website aufgeben, versichern Sie, dass Sie rechtlich gesch\u00e4ftsf\u00e4hig und mindestens 18 Jahre alt sind.<\/p>\n<p>Wie der Vertrag zwischen Ihnen und www.crystal-decanter.com\/de zustande kommt<\/p>\n<p>Nachdem Sie eine Bestellung aufgegeben haben, erhalten Sie eine E-Mail, die best\u00e4tigt, dass Ihre Bestellung eingegangen ist. Bitte beachten Sie, dass dies nicht bedeutet, dass Ihre Bestellung angenommen wurde. Ihre Bestellung stellt ein Angebot dar, ein Produkt zu kaufen. Alle Bestellungen unterliegen der Annahme durch www.crystal-decanter.com, die Ihnen diese Annahme best\u00e4tigen wird, indem sie Ihnen eine E-Mail sendet, die best\u00e4tigt, dass das Produkt versandt wurde (die \u201eVersandbest\u00e4tigung\u201c). Der Vertrag kommt erst mit Zusendung der Versandbest\u00e4tigung zustande.<\/p>\n<p>Der Vertrag bezieht sich nur auf die Produkte, deren Versand in der Versandbest\u00e4tigung best\u00e4tigt wird. www.crystal-decanter.com ist nicht verpflichtet, andere Produkte zu liefern, die m\u00f6glicherweise Teil Ihrer Bestellung waren, bis der Versand dieser Produkte in einer separaten Versandbest\u00e4tigung best\u00e4tigt wurde.<\/p>\n<p>Die Nichtannahme einer Bestellung kann aus einem der folgenden Gr\u00fcnde resultieren:<br \/>\n&#8211; Das von Ihnen bestellte Produkt ist nicht vorr\u00e4tig.<br \/>\n&#8211; Unsere Unf\u00e4higkeit, eine Autorisierung f\u00fcr Ihre Zahlung zu erhalten.<br \/>\n&#8211; Die Identifizierung eines Preis- oder Produktbeschreibungsfehlers.<br \/>\n&#8211; Sie erf\u00fcllen nicht die in diesen Bedingungen festgelegten Kriterien f\u00fcr die Bestellberechtigung.<\/p>\n<p>Wenn Sie Informationen zu Bestellungen ben\u00f6tigen, die Sie bei uns aufgegeben haben, rufen Sie uns bitte an oder schreiben Sie uns eine E-Mail.<\/p>\n<\/div><\/div><div class=\"wpb_text_column\" ><div class=\"wpb_wrapper\"><h4>K\u00dcNDIGUNG DES VERTRAGES<\/h4>\n<p>Wenn Sie als Verbraucher einen Vertrag abschlie\u00dfen, k\u00f6nnen Sie einen Vertrag jederzeit innerhalb von 1 Monat ab Versanddatum der Produkte k\u00fcndigen. In diesem Fall erhalten Sie eine vollst\u00e4ndige R\u00fcckerstattung des f\u00fcr die Produkte gezahlten Preises gem\u00e4\u00df unserer R\u00fcckerstattungsrichtlinie.<\/p>\n<p>Um einen Vertrag zu k\u00fcndigen, m\u00fcssen Sie uns dies schriftlich mitteilen. Au\u00dferdem m\u00fcssen Sie das\/die Produkt(e) unverz\u00fcglich und auf eigene Kosten und Gefahr an uns zur\u00fccksenden. Bitte behandeln Sie die Produkte mit angemessener Sorgfalt, solange sie sich in Ihrem Besitz befinden. Diese Bestimmung ber\u00fchrt nicht Ihre gesetzlichen Rechte.<\/p>\n<\/div><\/div><div class=\"wpb_text_column\" ><div class=\"wpb_wrapper\"><h4>BESCHREIBUNG DER PRODUKTE<\/h4>\n<p>Wir werden alle angemessene Sorgfalt walten lassen, um sicherzustellen, dass alle Details, Beschreibungen und Preise der auf der Website erscheinenden Produkte zum Zeitpunkt der Eingabe der relevanten Informationen in das System korrekt sind. Obwohl wir bestrebt sind, die Website so aktuell wie m\u00f6glich zu halten, spiegeln die Informationen, die zu einem bestimmten Zeitpunkt auf dieser Website erscheinen, m\u00f6glicherweise nicht immer genau den Stand zum Zeitpunkt Ihrer Bestellung wider. Der Preis eines Produkts ist in der Versandbest\u00e4tigung enthalten.<\/p>\n<p>Es wurde mit gr\u00f6\u00dfter Sorgfalt darauf geachtet, dass die Beschreibung und Spezifikationen der Produkte korrekt sind. Obwohl die Farbwiedergabe eine genaue Darstellung ist, kann es zu geringf\u00fcgigen Abweichungen bei den tats\u00e4chlichen Produkten kommen.<\/p>\n<\/div><\/div><div class=\"wpb_text_column\" ><div class=\"wpb_wrapper\"><h4>PREIS UND ZAHLUNG<\/h4>\n<p>Der Preis der Produkte entspricht dem auf unserer Website angegebenen Preis, au\u00dfer in F\u00e4llen offensichtlicher Fehler. Diese Preise enthalten keine Einfuhrz\u00f6lle, Steuern und Lieferkosten, die zum f\u00e4lligen Gesamtbetrag hinzugerechnet werden.<\/p>\n<p>Die Preise k\u00f6nnen sich jederzeit \u00e4ndern, \u00c4nderungen wirken sich jedoch nicht auf Bestellungen aus, f\u00fcr die wir Ihnen bereits eine Versandbest\u00e4tigung gesendet haben. Der Preis der Produkte wird nach dem Wechselkurs zwischen der Basisw\u00e4hrung auf unserer Website und der W\u00e4hrung berechnet, die Sie im Rahmen des Kaufvorgangs zum Zeitpunkt Ihrer Bestellung ausw\u00e4hlen. Wir behalten uns das Recht vor, solche Wechselkurse regelm\u00e4\u00dfig nach eigenem Ermessen zu aktualisieren, und Sie erkennen an, dass solche Aktualisierungen die Produktpreise auf der Website beeinflussen k\u00f6nnen. Sie werden gem\u00e4\u00df dem geltenden Wechselkurs zum Zeitpunkt Ihrer Bestellung \u00fcber die Website belastet.<\/p>\n<p>Auf dieser Website wurden alle Anstrengungen unternommen, um sicherzustellen, dass das Online-Shopping sicher und gesch\u00fctzt ist. www.crystal-decanter.com kann nicht f\u00fcr die betr\u00fcgerische Verwendung einer verlorenen Kreditkarte auf unserer Website verantwortlich gemacht werden, wird jedoch Ihr Kreditkartenunternehmen bei Bedarf unterst\u00fctzen, sobald Sie ihm den Betrug gemeldet haben.<\/p>\n<p>Bitte beachten Sie auch, dass Sie alle geltenden Gesetze und Vorschriften des Landes einhalten m\u00fcssen, f\u00fcr das die Produkte bestimmt sind. Wir haften nicht f\u00fcr Ihre Verletzung solcher Gesetze.<\/p>\n<\/div><\/div><div class=\"wpb_text_column\" ><div class=\"wpb_wrapper\"><h4>R\u00dcCKGABE VON WAREN<\/h4>\n<p>Produkte, die \u00fcber die Website Crystal-decanter.com gekauft wurden, k\u00f6nnen innerhalb von 1 Monat nach Versanddatum gegen eine vollst\u00e4ndige R\u00fcckerstattung an uns zur\u00fcckgesendet werden.<\/p>\n<p>Wenn Sie ein Produkt an uns zur\u00fccksenden, das Sie \u00fcber die Website Crystal-decanter.com gekauft haben:<\/p>\n<p>(a) weil Sie den Vertrag zwischen uns innerhalb der oben genannten 1-Monats-Frist gek\u00fcndigt und einen Kaufnachweis (Quittung, Best\u00e4tigungs-E-Mail oder Bestellnummer) vorgelegt haben, werden wir die Ihnen zustehende R\u00fcckerstattung so schnell wie m\u00f6glich und in jedem Fall innerhalb der Frist bearbeiten 30 Tage ab dem Tag, an dem Sie Ihre K\u00fcndigung mitgeteilt haben. In diesem Fall erstatten wir den vollen Preis des Produkts, einschlie\u00dflich der Kosten f\u00fcr den Versand des Artikels an Sie (nur Standardversandkosten). Sie tragen jedoch die Kosten f\u00fcr die R\u00fccksendung des Artikels an uns.<br \/>\n(b) aus anderen Gr\u00fcnden (z. B. weil Sie behaupten, dass das Produkt defekt ist). Wir bearbeiten die Ihnen zustehende R\u00fcckerstattung in der Regel so schnell wie m\u00f6glich und in jedem Fall innerhalb von 30 Tagen nach Erhalt des zur\u00fcckgegebenen Produkts. Produkte, die Sie aufgrund eines Mangels zur\u00fccksenden, werden vollst\u00e4ndig erstattet, einschlie\u00dflich einer R\u00fcckerstattung der Standardversandkosten f\u00fcr den Versand des Artikels an Sie und der Kosten, die Ihnen durch die R\u00fccksendung des Artikels an uns entstanden sind.<\/p>\n<p>Wir erstatten in der Regel alle von Ihnen erhaltenen Betr\u00e4ge auf die gleiche Weise, die Sie urspr\u00fcnglich zur Bezahlung Ihres Kaufs verwendet haben.<\/p>\n<p>Wenn Sie weitere Informationen ben\u00f6tigen, besuchen Sie bitte unsere R\u00fcckgabeseite.<\/p>\n<\/div><\/div><div class=\"wpb_text_column\" ><div class=\"wpb_wrapper\"><h4>LINKS ZU DRITTANBIETERN<\/h4>\n<p>Links zu Websites Dritter auf der Website werden ausschlie\u00dflich zu Ihrer Bequemlichkeit bereitgestellt. Wenn Sie diese Links verwenden, verlassen Sie die Website. Wir haben keine dieser Websites Dritter \u00fcberpr\u00fcft und kontrollieren diese Websites oder deren Inhalt oder Verf\u00fcgbarkeit nicht und wir sind nicht daf\u00fcr verantwortlich. Wir unterst\u00fctzen oder machen daher keine Zusicherungen \u00fcber sie oder dort gefundenes Material oder Ergebnisse, die durch ihre Verwendung erzielt werden k\u00f6nnen. Wenn Sie sich entscheiden, auf eine der mit der Website verlinkten Websites Dritter zuzugreifen, tun Sie dies ausschlie\u00dflich auf eigenes Risiko.<\/p>\n<\/div><\/div><div class=\"wpb_text_column\" ><div class=\"wpb_wrapper\"><h4>UNSERE HAFTUNG<\/h4>\n<p>Wir garantieren Ihnen, dass jedes von uns \u00fcber unsere Website gekaufte Produkt von zufriedenstellender Qualit\u00e4t und angemessen f\u00fcr alle Zwecke geeignet ist, f\u00fcr die Produkte dieser Art \u00fcblicherweise geliefert werden.<\/p>\n<p>Wir \u00fcbernehmen keine Verantwortung f\u00fcr die Nichteinhaltung spezifischer Pflegehinweise, die auf dem Produkt oder in der Verpackung des Produkts angegeben sind.<\/p>\n<p>Unsere Haftung f\u00fcr Verluste, die Ihnen dadurch entstehen, dass wir gegen diese Vereinbarung versto\u00dfen, ist strikt auf den Kaufpreis des von Ihnen gekauften Produkts beschr\u00e4nkt.<\/p>\n<p>Dies schlie\u00dft unsere Haftung nicht ein oder beschr\u00e4nkt sie in irgendeiner Weise:<\/p>\n<p>(a) f\u00fcr Tod oder K\u00f6rperverletzung, die durch unsere Fahrl\u00e4ssigkeit verursacht wurden;<br \/>\n(b) gem\u00e4\u00df Abschnitt 2(3) des Verbraucherschutzgesetzes von 1987;<br \/>\n(c) f\u00fcr Betrug oder betr\u00fcgerische Falschdarstellung; oder<br \/>\n(d) f\u00fcr alle Angelegenheiten, f\u00fcr die es f\u00fcr uns rechtswidrig w\u00e4re, unsere Haftung auszuschlie\u00dfen oder dies zu versuchen.<\/p>\n<p>Wir sind nicht verantwortlich f\u00fcr indirekte Verluste, die als Nebenwirkung des Hauptverlusts oder -schadens entstehen, einschlie\u00dflich, aber nicht beschr\u00e4nkt auf:<\/p>\n<p>(a) Einkommens- oder Umsatzverlust;<br \/>\n(b) Gesch\u00e4ftsverlust;<br \/>\n(c) entgangene Gewinne oder Vertr\u00e4ge;<br \/>\n(d) Verlust erwarteter Einsparungen;<br \/>\n(e) Datenverlust; oder<br \/>\n(f) Verschwendung von Verwaltungs- oder B\u00fcrozeit, wie auch immer sie entsteht und ob sie durch unerlaubte Handlung (einschlie\u00dflich Fahrl\u00e4ssigkeit), Vertragsbruch oder anderweitig verursacht wurde.<\/p>\n<p>Wir werden alle angemessene Sorgfalt walten lassen, soweit es in unserer Macht steht, um die Details Ihrer Bestellung und Zahlung sicher zu halten, aber ohne Fahrl\u00e4ssigkeit unsererseits k\u00f6nnen wir nicht f\u00fcr Verluste haftbar gemacht werden, die Sie m\u00f6glicherweise haben leiden, wenn ein Dritter unbefugten Zugriff auf Daten verschafft, die Sie beim Zugriff auf oder bei der Bestellung auf der Website angeben.<\/p>\n<\/div><\/div><div class=\"wpb_text_column\" ><div class=\"wpb_wrapper\"><h4>EREIGNISSE AUSSERHALB UNSERER KONTROLLE<\/h4>\n<p>Wir sind nicht haftbar oder verantwortlich f\u00fcr die Nichterf\u00fcllung oder Verz\u00f6gerung der Erf\u00fcllung einer unserer Verpflichtungen aus einem Vertrag, die durch Ereignisse verursacht wird, die au\u00dferhalb unserer angemessenen Kontrolle liegen (&#8222;Ereignis h\u00f6herer Gewalt&#8220;).<\/p>\n<p>Ein Ereignis h\u00f6herer Gewalt umfasst alle Handlungen, Ereignisse, Nichtereignisse, Unterlassungen oder Unf\u00e4lle, die sich unserer angemessenen Kontrolle entziehen, und umfasst insbesondere (ohne Einschr\u00e4nkung) Folgendes:<\/p>\n<p>(a) Streiks, Aussperrungen oder andere Arbeitskampfma\u00dfnahmen;<br \/>\n(b) innere Unruhen, Aufruhr, Invasion, Terroranschlag oder Androhung eines Terroranschlags, Krieg (ob erkl\u00e4rt oder nicht) oder Androhung oder Vorbereitung eines Krieges;<br \/>\n(c) Feuer, Explosion, Sturm, \u00dcberschwemmung, Erdbeben, Bodensenkung, Epidemie oder andere Naturkatastrophen;<br \/>\n(d) Unm\u00f6glichkeit der Nutzung von Eisenbahnen, Schiffen, Flugzeugen, Kraftfahrzeugen oder anderen \u00f6ffentlichen oder privaten Verkehrsmitteln;<br \/>\n(e) Unm\u00f6glichkeit der Nutzung \u00f6ffentlicher oder privater Telekommunikationsnetze; und<br \/>\n(f) die Handlungen, Dekrete, Gesetze, Vorschriften oder Beschr\u00e4nkungen einer Regierung.<\/p>\n<p>Unsere Leistung im Rahmen eines Vertrags gilt f\u00fcr den Zeitraum, in dem das Ereignis h\u00f6herer Gewalt andauert, als ausgesetzt, und wir haben eine Verl\u00e4ngerung der Leistungsfrist f\u00fcr die Dauer dieses Zeitraums. Wir werden uns nach Kr\u00e4ften bem\u00fchen, das Ereignis h\u00f6herer Gewalt zu beenden oder eine L\u00f6sung zu finden, durch die unsere vertraglichen Verpflichtungen trotz des Ereignisses h\u00f6herer Gewalt erf\u00fcllt werden k\u00f6nnen.<\/p>\n<\/div><\/div><div class=\"wpb_text_column\" ><div class=\"wpb_wrapper\"><h4>ALLGEMEINES<\/h4>\n<h5>Geistiges Eigentum und Nutzungsrecht<\/h5>\n<p>Sofern nicht anders angegeben, sind das Urheberrecht und andere geistige Eigentumsrechte an den Inhalten der Website Eigentum von uns oder unseren Lizenzgebern. Jeder Zugriff oder jede Nutzung der Website aus anderen Gr\u00fcnden als Ihrer pers\u00f6nlichen, nicht kommerziellen Nutzung ist untersagt.<\/p>\n<p>Kein Teil der Website darf ohne unsere vorherige schriftliche Genehmigung reproduziert oder auf einer anderen Website gespeichert oder in ein \u00f6ffentliches oder privates elektronisches Abrufsystem oder eine Website aufgenommen werden.<\/p>\n<p>Sie erkennen an und stimmen zu, dass das auf der Website enthaltene Material und der Inhalt nur f\u00fcr Ihren pers\u00f6nlichen, nicht kommerziellen Gebrauch zur Verf\u00fcgung gestellt werden und dass Sie dieses Material und diesen Inhalt (falls f\u00fcr den Kauf von Produkten erforderlich) auf nur einen Computer herunterladen d\u00fcrfen Festplatte f\u00fcr diesen Zweck. Jede andere Verwendung des Materials und Inhalts der Website ist strengstens untersagt.<\/p>\n<p>Sie erkl\u00e4ren sich damit einverstanden, solche Materialien und Inhalte nicht zu kopieren, zu reproduzieren, zu \u00fcbertragen, zu ver\u00f6ffentlichen, anzuzeigen, zu verteilen, kommerziell zu nutzen oder abgeleitete Werke davon zu erstellen (und stimmen zu, Dritte nicht dabei zu unterst\u00fctzen oder zu unterst\u00fctzen).<\/p>\n<h5>Einhaltung von Gesetzen<\/h5>\n<p>Die Website darf nur f\u00fcr rechtm\u00e4\u00dfige Zwecke und auf rechtm\u00e4\u00dfige Weise verwendet werden. Sie stimmen zu, alle geltenden Gesetze, Satzungen und Vorschriften in Bezug auf die Website und alle auf oder \u00fcber die Website durchgef\u00fchrten Transaktionen einzuhalten.<\/p>\n<h5>Schriftliche Mitteilungen<\/h5>\n<p>Anwendbare Gesetze verlangen, dass einige der Informationen oder Mitteilungen, die wir an Sie senden, schriftlich erfolgen m\u00fcssen. Wenn Sie unsere Website nutzen, akzeptieren Sie, dass die Kommunikation mit uns haupts\u00e4chlich elektronisch erfolgt. Wir werden Sie per E-Mail kontaktieren oder Ihnen Informationen zukommen lassen, indem wir Mitteilungen auf unserer Website ver\u00f6ffentlichen. F\u00fcr Vertragszwecke stimmen Sie diesem elektronischen Kommunikationsmittel zu und erkennen an, dass alle Vertr\u00e4ge, Mitteilungen, Informationen und sonstigen Mitteilungen, die wir Ihnen elektronisch zur Verf\u00fcgung stellen, allen gesetzlichen Anforderungen entsprechen, dass diese Mitteilungen schriftlich erfolgen m\u00fcssen. Diese Bedingung beeintr\u00e4chtigt nicht Ihre gesetzlichen Rechte.<\/p>\n<h5>Hinweise<\/h5>\n<p>Alle Mitteilungen, die Sie uns zukommen lassen, m\u00fcssen uns per E-Mail oder auf dem normalen Postweg zugestellt werden. Wir k\u00f6nnen Sie entweder an die E-Mail- oder Postadresse benachrichtigen, die Sie uns bei der Bestellung mitteilen. Mitteilungen gelten sofort nach Ver\u00f6ffentlichung auf unserer Website, 42 Stunden nach dem Versand einer E-Mail oder drei Tage nach dem Datum der Aufgabe eines Schreibens als erhalten und ordnungsgem\u00e4\u00df zugestellt. Zum Nachweis der Zustellung einer Mitteilung reicht es aus, im Falle eines Briefes nachzuweisen, dass dieser Brief ordnungsgem\u00e4\u00df adressiert, frankiert und zur Post gegeben wurde, und im Falle einer E-Mail, dass diese E-Mail an gesendet wurde die angegebene E-Mail-Adresse des Adressaten.<\/p>\n<p>\u00dcbertragung von Rechten und Pflichten<br \/>\nDer Vertrag zwischen Ihnen und uns ist f\u00fcr Sie und uns sowie f\u00fcr unsere jeweiligen Rechtsnachfolger und Abtretungsempf\u00e4nger bindend.<\/p>\n<p>Ohne unsere vorherige schriftliche Zustimmung d\u00fcrfen Sie einen Vertrag oder Ihre Rechte oder Pflichten, die sich daraus ergeben, nicht \u00fcbertragen, abtreten, belasten oder anderweitig ver\u00e4u\u00dfern.<\/p>\n<p>Wir k\u00f6nnen einen Vertrag oder unsere Rechte oder Pflichten, die sich daraus ergeben, jederzeit w\u00e4hrend der Vertragslaufzeit \u00fcbertragen, abtreten, belasten, untervergeben oder anderweitig ver\u00e4u\u00dfern.<\/p>\n<p>Abfindung<br \/>\nWenn ein Teil dieser Bedingungen als rechtswidrig, nichtig oder aus irgendeinem Grund nicht durchsetzbar erachtet wird, gilt diese Bestimmung als von diesen Bedingungen trennbar und ber\u00fchrt nicht die G\u00fcltigkeit und Durchsetzbarkeit der \u00fcbrigen Bestimmungen dieser Bedingungen.<\/p>\n<p>Verzicht<br \/>\nKein Verzicht von uns darf als Verzicht auf ein Verfahren oder einen nachfolgenden Versto\u00df gegen eine Bestimmung ausgelegt werden.<\/p>\n<p>Ganze Vereinbarung<br \/>\nWir beabsichtigen, uns in Bezug auf den Vertragsgegenstand auf diese Bedingungen und alle Dokumente zu st\u00fctzen, auf die darin ausdr\u00fccklich verwiesen wird. Obwohl wir die Verantwortung f\u00fcr Erkl\u00e4rungen und Zusicherungen unserer ordnungsgem\u00e4\u00df bevollm\u00e4chtigten Vertreter \u00fcbernehmen, stellen Sie bitte sicher, dass Sie jede Abweichung von diesen Gesch\u00e4ftsbedingungen schriftlich best\u00e4tigen lassen.<\/p>\n<h5>Unser Recht, diese Bedingungen zu \u00e4ndern<\/h5>\n<p>Wir haben das Recht, diese Allgemeinen Gesch\u00e4ftsbedingungen von Zeit zu Zeit zu \u00fcberarbeiten und zu \u00e4ndern. Sie unterliegen den zum Zeitpunkt der Bestellung von Produkten bei uns geltenden Richtlinien und Gesch\u00e4ftsbedingungen, es sei denn, eine \u00c4nderung dieser Richtlinien oder dieser Gesch\u00e4ftsbedingungen ist gesetzlich oder durch Regierungsbeh\u00f6rden erforderlich (in diesem Fall wird dies der Fall sein). gelten f\u00fcr zuvor von Ihnen aufgegebene Bestellungen) oder wenn wir Sie \u00fcber die \u00c4nderung dieser Richtlinien oder dieser Allgemeinen Gesch\u00e4ftsbedingungen informieren, bevor wir Ihnen die Versandbest\u00e4tigung zusenden (in diesem Fall haben wir das Recht anzunehmen, dass Sie die \u00c4nderung akzeptiert haben). Allgemeinen Gesch\u00e4ftsbedingungen, es sei denn, Sie teilen uns innerhalb von sieben Werktagen nach Erhalt der Produkte das Gegenteil mit).<\/p>\n<h5>Gesetz<\/h5>\n<p>Diese Bedingungen und Vertr\u00e4ge unterliegen litauischen Gesetzen und werden in \u00dcbereinstimmung mit diesen ausgelegt. Alle Streitigkeiten oder Anspr\u00fcche, die sich aus oder im Zusammenhang mit den Vertr\u00e4gen oder ihrem Abschluss ergeben (einschlie\u00dflich au\u00dfervertraglicher Streitigkeiten oder Anspr\u00fcche), unterliegen der ausschlie\u00dflichen Zust\u00e4ndigkeit der litauischen Gerichte.<\/p>\n<\/div><\/div><\/div><\/div><\/div><\/div><\/div><\/section>\n","protected":false},"excerpt":{"rendered":"Der Eigent\u00fcmer des Online-Shops Crystal-decanter.com (im Folgenden als Online-Shop bezeichnet) ist UAB \u201eCrystalis\u201c (Registrierungscode 305784139) mit Sitz in Vilnius, Giruliu g. 10. G\u00fcltigkeit des Kaufvertrages, Produkt- und Preisinformationen Die Verkaufsbedingungen gelten f\u00fcr den Kauf von Waren aus dem Online-Shop. Die Preise der im Online-Shop verkauften Produkte sind neben den Produkten angegeben. Zum Preis kommt noch...","protected":false},"author":5,"featured_media":0,"parent":0,"menu_order":69,"comment_status":"closed","ping_status":"closed","template":"","meta":{"_acf_changed":false,"inline_featured_image":false,"footnotes":""},"class_list":["post-1923","page","type-page","status-publish","hentry"],"acf":[],"_links":{"self":[{"href":"https:\/\/crystal-decanter.com\/de\/wp-json\/wp\/v2\/pages\/1923","targetHints":{"allow":["GET"]}}],"collection":[{"href":"https:\/\/crystal-decanter.com\/de\/wp-json\/wp\/v2\/pages"}],"about":[{"href":"https:\/\/crystal-decanter.com\/de\/wp-json\/wp\/v2\/types\/page"}],"author":[{"embeddable":true,"href":"https:\/\/crystal-decanter.com\/de\/wp-json\/wp\/v2\/users\/5"}],"replies":[{"embeddable":true,"href":"https:\/\/crystal-decanter.com\/de\/wp-json\/wp\/v2\/comments?post=1923"}],"version-history":[{"count":3,"href":"https:\/\/crystal-decanter.com\/de\/wp-json\/wp\/v2\/pages\/1923\/revisions"}],"predecessor-version":[{"id":1926,"href":"https:\/\/crystal-decanter.com\/de\/wp-json\/wp\/v2\/pages\/1923\/revisions\/1926"}],"wp:attachment":[{"href":"https:\/\/crystal-decanter.com\/de\/wp-json\/wp\/v2\/media?parent=1923"}],"curies":[{"name":"wp","href":"https:\/\/api.w.org\/{rel}","templated":true}]}}